{"id":5303,"date":"2025-12-10T23:56:03","date_gmt":"2025-12-10T23:56:03","guid":{"rendered":"https:\/\/www.plenitudmassagespa.co\/?page_id=5303"},"modified":"2025-12-17T18:30:59","modified_gmt":"2025-12-17T18:30:59","slug":"experiencias-plenitud","status":"publish","type":"page","link":"https:\/\/www.plenitudmassagespa.co\/en\/experiencias-plenitud\/","title":{"rendered":"EXPERIENCIAS PLENITUD"},"content":{"rendered":"<div  class=\"one ppb_boxed_text_button\" style=\"margin-top:-32px;margin-bottom:60px;\" >\n<div class=\"ppb_boxed_text_button_wrapper\" style=\"background-color:#ffffff;\">\n<div class=\"ppb_boxed_text_button_content\" style=\"color:;\"><span class=\"ti-alarm-clock\" style=\"margin-right:10px;\"><\/span>Abiertos 08:00am &#8211; 8:00pm diario<\/div>\n<p><a href=\"https:\/\/www.plenitudmassagespa.co\/en\/reserva\/\" class=\"button\" style=\"background-color:#e6a76f;border-color:#e6a76f;color:#ffffff;\">Book with us<\/a><\/div>\n<\/div>\n<div  class=\"ppb_image_half_boxed_fixed_width one\" style=\"margin-bottom:30px;\" >\n<div class=\"standard_wrapper\">\n<div class=\"page_content_wrapper wide\">\n<div class=\"inner\" style=\"height:425px;\">\n<div class=\"one_half content_middle fixed parallax_text\" style=\"padding:25px; text-align:left;\">\n<div class=\"content_middle_wrapper\">\n<div class=\"content_middle_content\">\n<div class=\"ppb_header_content\">\n<h2>MASAJE + HIDRATACI\u00d3N FACIAL<\/h2>\n<p style=\"text-align: justify;\">Experiencia integral que combina un masaje relajante con una hidrataci\u00f3n facial profunda, ideal para liberar tensiones acumuladas, mejorar la circulaci\u00f3n y devolverle a la piel del rostro frescura y luminosidad. Un ritual pensado para renovar cuerpo y rostro en un ambiente de calma y bienestar total.<\/p>\n<p><a class=\"readmore\" href=\"https:\/\/www.plenitudmassagespa.co\/en\/reserva\/\">Schedule an appointment<\/a><\/p>\n<\/div>\n<\/div>\n<\/div>\n<\/div>\n<div class=\"one_half content_middle parallax_text last\" style=\"background-image:url(https:\/\/www.plenitudmassagespa.co\/wp-content\/uploads\/2025\/12\/43-scaled.png)\"><\/div>\n<p><br class=\"clear\"\/><\/div>\n<\/div>\n<\/div>\n<\/div>\n<div  class=\"ppb_image_half_boxed_fixed_width one\" style=\"margin-bottom:40px;\" >\n<div class=\"standard_wrapper\">\n<div class=\"page_content_wrapper wide\">\n<div class=\"inner\" style=\"height:400px;\">\n<div class=\"one_half content_middle parallax_text\" style=\"background-image:url(https:\/\/www.plenitudmassagespa.co\/wp-content\/uploads\/2025\/12\/40-scaled.png)\"><\/div>\n<div class=\"one_half last content_middle fixed parallax_text\" style=\"padding:25px;text-align:left; \">\n<div class=\"content_middle_wrapper\">\n<div class=\"content_middle_content\">\n<div class=\"ppb_header_content\">\n<h2>MASAJE + RENOVACION CELULAR + HIDRATACI\u00d3N<\/h2>\n<p style=\"text-align: justify;\">Tratamiento completo que integra masaje corporal, renovaci\u00f3n celular y una hidrataci\u00f3n intensa, dise\u00f1ado para eliminar impurezas, estimular la regeneraci\u00f3n de la piel y activar la circulaci\u00f3n. Brinda una sensaci\u00f3n inmediata de suavidad, frescura y equilibrio f\u00edsico y emocional.<\/p>\n<p><a class=\"readmore\" href=\"https:\/\/www.plenitudmassagespa.co\/en\/reserva\/\">Schedule an appointment<\/a><\/p>\n<\/div>\n<\/div>\n<\/div>\n<\/div>\n<p><br class=\"clear\"\/><\/div>\n<\/div>\n<\/div>\n<\/div>\n<div  class=\"one withsmallpadding ppb_header parallax withbg\" style=\"background-image:url(https:\/\/www.plenitudmassagespa.co\/wp-content\/uploads\/2025\/11\/JUEVES-27-3-scaled.jpg);background-position: center top;text-align:center;padding:100px 0 100px 0;color:#ffffff;margin-bottom:60px;\" >\n<div class=\"overlay_background\" style=\"background:#000000;background:rgb(0,0,0,0.3);background:rgba(0,0,0,0.3);\"><\/div>\n<div class=\"standard_wrapper\">\n<div class=\"page_content_wrapper wide\">\n<div class=\"inner\">\n<div style=\"margin:auto;width:100%\">\n<h2 class=\"ppb_title\" style=\"color:#ffffff;\">Un espacio para desconectar y reconectar contigo.<\/h2>\n<div class=\"page_tagline\" style=\"color:#ffffff;\">Vive una experiencia de masajes que armoniza cuerpo y mente, brind\u00e1ndote descanso, alivio y renovaci\u00f3n total.<\/div>\n<\/div>\n<\/div>\n<\/div>\n<\/div>\n<\/div>\n<div class=\"standard_wrapper\">\n<div  class=\"ppb_image_boxed one_half\" style=\"margin-top:20px;margin-bottom:30px;\" >\n<div class=\"page_content_wrapper wide\">\n<div class=\"inner\">\n<div class=\"image_boxed_wrapper theme_radius\" style=\"text-align:left;>\u00ab><img decoding=\"async\" src=\"https:\/\/www.plenitudmassagespa.co\/wp-content\/uploads\/2025\/12\/47-scaled.png\" alt=\"\"\/><\/p>\n<div class=\"image_boxed_content\" style=\"padding:20px;\">\n<h2>MASAJE PARA PAREJAS + VINO Y DECORACI\u00d3N<\/h2>\n<p style=\"text-align: justify;\">Masaje relajante para parejas acompa\u00f1ado de dos copas de vino, decoraci\u00f3n especial con velas y p\u00e9talos, creando un ambiente \u00edntimo y rom\u00e1ntico. Una experiencia ideal para desconectarse de la rutina, fortalecer la conexi\u00f3n y compartir un momento de descanso y bienestar absoluto.<\/p>\n<p><a class=\"readmore\" href=\"https:\/\/www.plenitudmassagespa.co\/en\/reserva\/\">Schedule an appointment<\/a><\/p>\n<\/div>\n<\/div>\n<\/div>\n<\/div>\n<\/div>\n<\/div>\n<div class=\"standard_wrapper\">\n<div  class=\"ppb_image_boxed one_half last\" style=\"margin-top:20px;margin-bottom:30px;\" >\n<div class=\"page_content_wrapper wide\">\n<div class=\"inner\">\n<div class=\"image_boxed_wrapper theme_radius\" style=\"text-align:left;>\u00ab><img decoding=\"async\" src=\"https:\/\/www.plenitudmassagespa.co\/wp-content\/uploads\/2025\/12\/42-scaled.png\" alt=\"Plenitud spa\"\/><\/p>\n<div class=\"image_boxed_content\" style=\"padding:20px;\">\n<h2>CELEBRIDAD PLENITUD<\/h2>\n<p style=\"text-align: justify;\">Ritual especial dise\u00f1ado para celebrar de una forma \u00fanica, que incluye un masaje relajante pensado para consentir el cuerpo y relajar la mente. Perfecto para hacer de tu cumplea\u00f1os una experiencia inolvidable, llena de armon\u00eda, cuidado y sensaciones placenteras.<\/p>\n<p><a class=\"readmore\" href=\"https:\/\/www.plenitudmassagespa.co\/en\/reserva\/\">Schedule an appointment<\/a><\/p>\n<\/div>\n<\/div>\n<\/div>\n<\/div>\n<\/div>\n<\/div>","protected":false},"excerpt":{"rendered":"<p>Abiertos 08:00am &#8211; 8:00pm diario Reserva con nosotros MASAJE + HIDRATACI\u00d3N FACIAL Experiencia integral que combina un masaje relajante con una hidrataci\u00f3n facial profunda, ideal para liberar tensiones acumuladas, mejorar la circulaci\u00f3n y devolverle a la piel del rostro frescura [&hellip;]<\/p>\n","protected":false},"author":1,"featured_media":5169,"parent":0,"menu_order":0,"comment_status":"closed","ping_status":"closed","template":"","meta":{"pagelayer_contact_templates":[],"_pagelayer_content":"","footnotes":""},"class_list":["post-5303","page","type-page","status-publish","has-post-thumbnail","hentry"],"_links":{"self":[{"href":"https:\/\/www.plenitudmassagespa.co\/en\/wp-json\/wp\/v2\/pages\/5303","targetHints":{"allow":["GET"]}}],"collection":[{"href":"https:\/\/www.plenitudmassagespa.co\/en\/wp-json\/wp\/v2\/pages"}],"about":[{"href":"https:\/\/www.plenitudmassagespa.co\/en\/wp-json\/wp\/v2\/types\/page"}],"author":[{"embeddable":true,"href":"https:\/\/www.plenitudmassagespa.co\/en\/wp-json\/wp\/v2\/users\/1"}],"replies":[{"embeddable":true,"href":"https:\/\/www.plenitudmassagespa.co\/en\/wp-json\/wp\/v2\/comments?post=5303"}],"version-history":[{"count":8,"href":"https:\/\/www.plenitudmassagespa.co\/en\/wp-json\/wp\/v2\/pages\/5303\/revisions"}],"predecessor-version":[{"id":5913,"href":"https:\/\/www.plenitudmassagespa.co\/en\/wp-json\/wp\/v2\/pages\/5303\/revisions\/5913"}],"wp:featuredmedia":[{"embeddable":true,"href":"https:\/\/www.plenitudmassagespa.co\/en\/wp-json\/wp\/v2\/media\/5169"}],"wp:attachment":[{"href":"https:\/\/www.plenitudmassagespa.co\/en\/wp-json\/wp\/v2\/media?parent=5303"}],"curies":[{"name":"wp","href":"https:\/\/api.w.org\/{rel}","templated":true}]}}