{"id":4391,"date":"2025-11-29T03:58:27","date_gmt":"2025-11-29T03:58:27","guid":{"rendered":"https:\/\/www.plenitudmassagespa.co\/?page_id=4391"},"modified":"2025-12-17T18:28:39","modified_gmt":"2025-12-17T18:28:39","slug":"cuidado-de-unas-y-manos","status":"publish","type":"page","link":"https:\/\/www.plenitudmassagespa.co\/en\/cuidado-de-unas-y-manos\/","title":{"rendered":"HAND AND NAIL CARE"},"content":{"rendered":"<div  class=\"one ppb_boxed_text_button\" style=\"margin-top:-32px;margin-bottom:60px;\" >\n<div class=\"ppb_boxed_text_button_wrapper\" style=\"background-color:#ffffff;\">\n<div class=\"ppb_boxed_text_button_content\" style=\"color:;\"><span class=\"ti-alarm-clock\" style=\"margin-right:10px;\"><\/span>Abiertos 8:00am &#8211; 8:00pm diario<\/div>\n<p><a href=\"https:\/\/themes.themegoods.com\/grandspa\/demo\/booking\" class=\"button\" style=\"background-color:#e6a76f;border-color:#e6a76f;color:#ffffff;\">Book with us<\/a><\/div>\n<\/div>\n<div  class=\"one withsmallpadding ppb_header\" style=\"text-align:center;padding:40px 0 40px 0;\" >\n<div class=\"standard_wrapper\">\n<div class=\"page_content_wrapper wide\">\n<div class=\"inner\">\n<div style=\"margin:auto;width:100%\">\n<h2 class=\"ppb_title\" style=\"\">Traditional Nails<\/h2>\n<div class=\"page_tagline\" style=\"\">Classic hand and foot care<\/div>\n<\/div>\n<\/div>\n<\/div>\n<\/div>\n<\/div>\n<div class=\"standard_wrapper\">\n<div  class=\"ppb_image_boxed one_third\" style=\"\" >\n<div class=\"page_content_wrapper wide\">\n<div class=\"inner\">\n<div class=\"image_boxed_wrapper theme_radius\" style=\"text-align:left;>\u00ab><img decoding=\"async\" src=\"https:\/\/www.plenitudmassagespa.co\/wp-content\/uploads\/2025\/12\/53-scaled.png\" alt=\"Plenitud spa\"\/><\/p>\n<div class=\"image_boxed_content\" style=\"padding:40px;\">\n<h3 style=\"margin-bottom: 10px !important; width: 250px !important; text-align: center;\">MANICURE<\/h3>\n<p style=\"text-align: justify;\">Essential hand care that cleans, moisturizes, and beautifies your nails, giving them a natural, healthy, and perfectly polished look with every visit.<\/p>\n<p style=\"text-align: justify;\"><a class=\"readmore\" href=\"https:\/\/www.plenitudmassagespa.co\/en\/reservar\/\">Book<\/a><\/p>\n<\/div>\n<\/div>\n<\/div>\n<\/div>\n<\/div>\n<\/div>\n<div class=\"standard_wrapper\">\n<div  class=\"ppb_image_boxed one_third\" style=\"\" >\n<div class=\"page_content_wrapper wide\">\n<div class=\"inner\">\n<div class=\"image_boxed_wrapper theme_radius\" style=\"text-align:left;>\u00ab><img decoding=\"async\" src=\"https:\/\/www.plenitudmassagespa.co\/wp-content\/uploads\/2025\/12\/23-scaled.png\" alt=\"Plenitud spa\"\/><\/p>\n<div class=\"image_boxed_content\" style=\"padding:40px;\">\n<h3 style=\"margin-bottom: 10px !important; width: 250px !important; text-align: center;\">PEDICURE<\/h3>\n<p style=\"text-align: justify;\">Complete foot treatment that softens the skin, removes impurities, and leaves your nails looking flawless, offering comfort and freshness with a professional finish.<\/p>\n<p>\u00a0<\/p>\n<p><a class=\"readmore\" href=\"https:\/\/www.plenitudmassagespa.co\/en\/reservar\/\">Book<\/a><\/p>\n<p>\u00a0<\/p>\n<\/div>\n<\/div>\n<\/div>\n<\/div>\n<\/div>\n<\/div>\n<div class=\"standard_wrapper\">\n<div  class=\"ppb_image_boxed one_third last\" style=\"\" >\n<div class=\"page_content_wrapper wide\">\n<div class=\"inner\">\n<div class=\"image_boxed_wrapper theme_radius\" style=\"text-align:left;>\u00ab><img decoding=\"async\" src=\"https:\/\/www.plenitudmassagespa.co\/wp-content\/uploads\/2025\/12\/JUEVES-27-11-1-scaled.png\" alt=\"Plenitud spa\"\/><\/p>\n<div class=\"image_boxed_content\" style=\"padding:40px;\">\n<h3 style=\"margin-bottom: 20px !important; width: 300px !important; text-align: center;\">HANDS AND FEET<\/h3>\n<p style=\"text-align: justify;\">A comprehensive service that combines manicure and pedicure to rejuvenate your hands and feet, leaving them clean, soft, and looking perfectly harmonious and elegant.<br \/>\n<a class=\"readmore\" href=\"https:\/\/www.plenitudmassagespa.co\/en\/reservar\/\">Book<\/a><\/p>\n<p>\u00a0<\/p>\n<\/div>\n<\/div>\n<\/div>\n<\/div>\n<\/div>\n<\/div>\n<div  class=\"one withsmallpadding ppb_header\" style=\"text-align:center;padding:40px 0 40px 0;\" >\n<div class=\"standard_wrapper\">\n<div class=\"page_content_wrapper wide\">\n<div class=\"inner\">\n<div style=\"margin:auto;width:100%\">\n<h2 class=\"ppb_title\" style=\"\">Gel Nails<\/h2>\n<div class=\"page_tagline\" style=\"\">Long-lasting color with a flawless finish<\/div>\n<\/div>\n<\/div>\n<\/div>\n<\/div>\n<\/div>\n<div class=\"standard_wrapper\">\n<div  class=\"ppb_image_boxed one_third\" style=\"\" >\n<div class=\"page_content_wrapper wide\">\n<div class=\"inner\">\n<div class=\"image_boxed_wrapper theme_radius\" style=\"text-align:left;>\u00ab><img decoding=\"async\" src=\"https:\/\/www.plenitudmassagespa.co\/wp-content\/uploads\/2025\/12\/55-scaled.png\" alt=\"Plenitud spa\"\/><\/p>\n<div class=\"image_boxed_content\" style=\"padding:40px;\">\n<h3 style=\"margin-bottom: 10px !important; width: 250px !important; text-align: center;\">HANDS<\/h3>\n<p style=\"text-align: justify;\">Aplicaci\u00f3n de gel que aporta brillo duradero y color uniforme, protegiendo tus u\u00f1as mientras ofrece un acabado elegante y resistente al d\u00eda a d\u00eda.<\/p>\n<p><a class=\"readmore\" href=\"https:\/\/www.plenitudmassagespa.co\/en\/reservar\/\">Book<\/a><\/p>\n<\/div>\n<\/div>\n<\/div>\n<\/div>\n<\/div>\n<\/div>\n<div class=\"standard_wrapper\">\n<div  class=\"ppb_image_boxed one_third\" style=\"\" >\n<div class=\"page_content_wrapper wide\">\n<div class=\"inner\">\n<div class=\"image_boxed_wrapper theme_radius\" style=\"text-align:left;>\u00ab><img decoding=\"async\" src=\"https:\/\/www.plenitudmassagespa.co\/wp-content\/uploads\/2025\/12\/JUEVES-27-1-scaled.png\" alt=\"\"\/><\/p>\n<div class=\"image_boxed_content\" style=\"padding:40px;\">\n<h3 style=\"margin-bottom: 10px !important; width: 250px !important; text-align: center;\">PIES<\/h3>\n<p style=\"text-align: justify;\">Long-lasting gel for toenails that provides vibrant color, intense shine, and a neat appearance for several consecutive weeks.<\/p>\n<p><a class=\"readmore\" href=\"https:\/\/www.plenitudmassagespa.co\/en\/reservar\/\">Book<\/a><\/p>\n<\/div>\n<\/div>\n<\/div>\n<\/div>\n<\/div>\n<\/div>\n<div class=\"standard_wrapper\">\n<div  class=\"ppb_image_boxed one_third last\" style=\"\" >\n<div class=\"page_content_wrapper wide\">\n<div class=\"inner\">\n<div class=\"image_boxed_wrapper theme_radius\" style=\"text-align:left;>\u00ab><img decoding=\"async\" src=\"https:\/\/www.plenitudmassagespa.co\/wp-content\/uploads\/2025\/12\/JUEVES-27-2-scaled.png\" alt=\"\"\/><\/p>\n<div class=\"image_boxed_content\" style=\"padding:40px;\">\n<h3 style=\"margin-bottom: 10px !important; width: 250px !important; text-align: center;\">HAND SANITIZER<\/h3>\n<p style=\"text-align: justify;\">Complete gel treatment for hands for stronger, shinier, and more defined nails, offering a perfect, long-lasting finish without damage.<\/p>\n<p><a class=\"readmore\" href=\"https:\/\/www.plenitudmassagespa.co\/en\/reservar\/\">Book<\/a><\/p>\n<\/div>\n<\/div>\n<\/div>\n<\/div>\n<\/div>\n<\/div>\n<div  class=\"one withsmallpadding ppb_header\" style=\"text-align:center;padding:40px 0 40px 0;\" >\n<div class=\"standard_wrapper\">\n<div class=\"page_content_wrapper wide\">\n<div class=\"inner\">\n<div style=\"margin:auto;width:100%\">\n<h2 class=\"ppb_title\" style=\"\">Acrylics<\/h2>\n<div class=\"page_tagline\" style=\"\">Durability, style, and professional design<\/div>\n<\/div>\n<\/div>\n<\/div>\n<\/div>\n<\/div>\n<div class=\"standard_wrapper\">\n<div  class=\"ppb_image_boxed one_fourth\" style=\"\" >\n<div class=\"page_content_wrapper wide\">\n<div class=\"inner\">\n<div class=\"image_boxed_wrapper theme_radius\" style=\"text-align:left;>\u00ab><img decoding=\"async\" src=\"https:\/\/www.plenitudmassagespa.co\/wp-content\/uploads\/2025\/12\/58-scaled.png\" alt=\"Plenitud spa\"\/><\/p>\n<div class=\"image_boxed_content\" style=\"padding:40px;\">\n<h3 style=\"margin-bottom: 20px !important; width: 200px !important; text-align: center;\">ACRYLIC PAINTS WITH <br \/> TIPS<\/h3>\n<p style=\"text-align: justify;\">Strong, defined extensions that lengthen your nails with tips, achieving a uniform, stylish finish that is totally adapted to your personal style.<\/p>\n<p><a class=\"readmore\" href=\"https:\/\/www.plenitudmassagespa.co\/en\/reservar\/\">Book<\/a><\/p>\n<\/div>\n<\/div>\n<\/div>\n<\/div>\n<\/div>\n<\/div>\n<div class=\"standard_wrapper\">\n<div  class=\"ppb_image_boxed one_fourth\" style=\"\" >\n<div class=\"page_content_wrapper wide\">\n<div class=\"inner\">\n<div class=\"image_boxed_wrapper theme_radius\" style=\"text-align:left;>\u00ab><img decoding=\"async\" src=\"https:\/\/www.plenitudmassagespa.co\/wp-content\/uploads\/2025\/12\/56-scaled.png\" alt=\"Plenitud spa\"\/><\/p>\n<div class=\"image_boxed_content\" style=\"padding:40px;\">\n<h3 style=\"margin-bottom: 20px !important; width: 200px !important; text-align: center;\">ACRYLICS <br \/>SCULPTED<\/h3>\n<p style=\"text-align: justify;\">Nails worked directly onto your natural nail, creating a firm, customized structure that enhances the shape with a professional, long-lasting finish.<\/p>\n<p><a class=\"readmore\" href=\"https:\/\/www.plenitudmassagespa.co\/en\/reservar\/\">Book<\/a><\/p>\n<\/div>\n<\/div>\n<\/div>\n<\/div>\n<\/div>\n<\/div>\n<div class=\"standard_wrapper\">\n<div  class=\"ppb_image_boxed one_fourth\" style=\"\" >\n<div class=\"page_content_wrapper wide\">\n<div class=\"inner\">\n<div class=\"image_boxed_wrapper theme_radius\" style=\"text-align:left;>\u00ab><img decoding=\"async\" src=\"https:\/\/www.plenitudmassagespa.co\/wp-content\/uploads\/2025\/12\/JUEVES-27-3-scaled.png\" alt=\"\"\/><\/p>\n<div class=\"image_boxed_content\" style=\"padding:40px;\">\n<h3 style=\"margin-bottom: 20px !important; width: 200px !important; text-align: center;\">ACRYLIC <br \/>FRENCH<\/h3>\n<p style=\"text-align: justify;\">Acrylic application with a classic French design, elegant and polished, highlighting the natural shape and offering a sophisticated look for any occasion.<\/p>\n<p><a class=\"readmore\" href=\"https:\/\/www.plenitudmassagespa.co\/en\/reservar\/\">Book<\/a><\/p>\n<\/div>\n<\/div>\n<\/div>\n<\/div>\n<\/div>\n<\/div>\n<div class=\"standard_wrapper\">\n<div  class=\"ppb_image_boxed one_fourth last\" style=\"\" >\n<div class=\"page_content_wrapper wide\">\n<div class=\"inner\">\n<div class=\"image_boxed_wrapper theme_radius\" style=\"text-align:left;>\u00ab><img decoding=\"async\" src=\"https:\/\/www.plenitudmassagespa.co\/wp-content\/uploads\/2025\/12\/39-scaled.png\" alt=\"Plenitud spa\"\/><\/p>\n<div class=\"image_boxed_content\" style=\"padding:40px;\">\n<h3 style=\"margin-bottom: 20px !important; width: 200px !important; text-align: center;\">MAINTENANCE<br \/><\/br><\/h3>\n<p style=\"text-align: justify;\">\nProfessional touch-ups that renew the appearance of your acrylic nails, correcting growth and perfecting the finish to keep them looking flawless at all times.<\/p>\n<p><a class=\"readmore\" href=\"https:\/\/www.plenitudmassagespa.co\/en\/reservar\/\">Book<\/a><\/p>\n<\/div>\n<\/div>\n<\/div>\n<\/div>\n<\/div>\n<\/div>\n<div  class=\"one withsmallpadding ppb_header\" style=\"text-align:center;padding:40px 0 40px 0;\" >\n<div class=\"standard_wrapper\">\n<div class=\"page_content_wrapper wide\">\n<div class=\"inner\">\n<div style=\"margin:auto;width:100%\">\n<h2 class=\"ppb_title\" style=\"\">Polygel<\/h2>\n<div class=\"page_tagline\" style=\"\">Lightness and firmness in a single technique<\/div>\n<\/div>\n<\/div>\n<\/div>\n<\/div>\n<\/div>\n<div class=\"standard_wrapper\">\n<div  class=\"ppb_image_boxed one_half\" style=\"\" >\n<div class=\"page_content_wrapper wide\">\n<div class=\"inner\">\n<div class=\"image_boxed_wrapper theme_radius\" style=\"text-align:left;>\u00ab><img decoding=\"async\" src=\"https:\/\/www.plenitudmassagespa.co\/wp-content\/uploads\/2025\/12\/55-scaled.png\" alt=\"Plenitud spa\"\/><\/p>\n<div class=\"image_boxed_content\" style=\"padding:40px;\">\n<h3>POLYGEL SCULPTURES<\/h3>\n<p style=\"text-align: justify;\">Nails sculpted with polygel to achieve a lightweight, durable, and fully customized structure that combines the best of gel and acrylic.<\/p>\n<p><a class=\"readmore\" href=\"https:\/\/www.plenitudmassagespa.co\/en\/reservar\/\">Book<\/a><\/p>\n<\/div>\n<\/div>\n<\/div>\n<\/div>\n<\/div>\n<\/div>\n<div class=\"standard_wrapper\">\n<div  class=\"ppb_image_boxed one_half last\" style=\"\" >\n<div class=\"page_content_wrapper wide\">\n<div class=\"inner\">\n<div class=\"image_boxed_wrapper theme_radius\" style=\"text-align:left;>\u00ab><img decoding=\"async\" src=\"https:\/\/www.plenitudmassagespa.co\/wp-content\/uploads\/2025\/12\/JUEVES-27-11-1-scaled.png\" alt=\"Plenitud spa\"\/><\/p>\n<div class=\"image_boxed_content\" style=\"padding:40px;\">\n<h3>MAINTENANCE<\/h3>\n<p style=\"text-align: justify;\">Nails sculpted with polygel to achieve a lightweight, durable, and fully customized structure that combines the best of gel and acrylic.<\/p>\n<p><a class=\"readmore\" href=\"https:\/\/www.plenitudmassagespa.co\/en\/reservar\/\">Book<\/a><\/p>\n<\/div>\n<\/div>\n<\/div>\n<\/div>\n<\/div>\n<\/div>\n<div  class=\"one withsmallpadding ppb_header\" style=\"text-align:center;padding:40px 0 40px 0;\" >\n<div class=\"standard_wrapper\">\n<div class=\"page_content_wrapper wide\">\n<div class=\"inner\">\n<div style=\"margin:auto;width:100%\">\n<h2 class=\"ppb_title\" style=\"\">Press On System<\/h2>\n<div class=\"page_tagline\" style=\"\">Ready-to-use custom nails<\/div>\n<\/div>\n<\/div>\n<\/div>\n<\/div>\n<\/div>\n<div class=\"standard_wrapper\">\n<div  class=\"ppb_image_boxed one_half\" style=\"\" >\n<div class=\"page_content_wrapper wide\">\n<div class=\"inner\">\n<div class=\"image_boxed_wrapper theme_radius\" style=\"text-align:left;>\u00ab><img decoding=\"async\" src=\"https:\/\/www.plenitudmassagespa.co\/wp-content\/uploads\/2025\/12\/54-scaled.png\" alt=\"Plenitud spa\"\/><\/p>\n<div class=\"image_boxed_content\" style=\"padding:40px;\">\n<h3>PRESS ON SYSTEM<\/h3>\n<p style=\"text-align: justify;\">Customized, removable nails that fit you perfectly, allowing you to easily change styles with a professional, firm, and natural-looking finish.<\/p>\n<p><a class=\"readmore\" href=\"https:\/\/www.plenitudmassagespa.co\/en\/reservar\/\">Book<\/a><\/p>\n<\/div>\n<\/div>\n<\/div>\n<\/div>\n<\/div>\n<\/div>\n<div class=\"standard_wrapper\">\n<div  class=\"ppb_image_boxed one_half last\" style=\"margin-bottom:20px;\" >\n<div class=\"page_content_wrapper wide\">\n<div class=\"inner\">\n<div class=\"image_boxed_wrapper theme_radius\" style=\"text-align:left;>\u00ab><img decoding=\"async\" src=\"https:\/\/www.plenitudmassagespa.co\/wp-content\/uploads\/2025\/12\/59-scaled.png\" alt=\"Plenitud spa\"\/><\/p>\n<div class=\"image_boxed_content\" style=\"padding:40px;\">\n<h3>DIP POWDER<\/h3>\n<p style=\"text-align: justify;\">Powder system that strengthens nails with long-lasting color and a fine finish, providing resistance without the need for UV light to safely seal the process.<\/p>\n<p><a class=\"readmore\" href=\"https:\/\/www.plenitudmassagespa.co\/en\/reservar\/\">Book<\/a><\/p>\n<\/div>\n<\/div>\n<\/div>\n<\/div>\n<\/div>\n<\/div>","protected":false},"excerpt":{"rendered":"<p>Abiertos 8:00am &#8211; 8:00pm diario Reserva con nosotros U\u00f1as Tradicionales Cuidado cl\u00e1sico para manos y pies \u00ab> PEDICURE Tratamiento completo para pies que suaviza la piel, remueve impurezas y deja tus u\u00f1as impecables, ofreciendo confort y frescura con un acabado [&hellip;]<\/p>\n","protected":false},"author":1,"featured_media":5172,"parent":0,"menu_order":0,"comment_status":"closed","ping_status":"closed","template":"","meta":{"pagelayer_contact_templates":[],"_pagelayer_content":"","footnotes":""},"class_list":["post-4391","page","type-page","status-publish","has-post-thumbnail","hentry"],"_links":{"self":[{"href":"https:\/\/www.plenitudmassagespa.co\/en\/wp-json\/wp\/v2\/pages\/4391","targetHints":{"allow":["GET"]}}],"collection":[{"href":"https:\/\/www.plenitudmassagespa.co\/en\/wp-json\/wp\/v2\/pages"}],"about":[{"href":"https:\/\/www.plenitudmassagespa.co\/en\/wp-json\/wp\/v2\/types\/page"}],"author":[{"embeddable":true,"href":"https:\/\/www.plenitudmassagespa.co\/en\/wp-json\/wp\/v2\/users\/1"}],"replies":[{"embeddable":true,"href":"https:\/\/www.plenitudmassagespa.co\/en\/wp-json\/wp\/v2\/comments?post=4391"}],"version-history":[{"count":8,"href":"https:\/\/www.plenitudmassagespa.co\/en\/wp-json\/wp\/v2\/pages\/4391\/revisions"}],"predecessor-version":[{"id":5912,"href":"https:\/\/www.plenitudmassagespa.co\/en\/wp-json\/wp\/v2\/pages\/4391\/revisions\/5912"}],"wp:featuredmedia":[{"embeddable":true,"href":"https:\/\/www.plenitudmassagespa.co\/en\/wp-json\/wp\/v2\/media\/5172"}],"wp:attachment":[{"href":"https:\/\/www.plenitudmassagespa.co\/en\/wp-json\/wp\/v2\/media?parent=4391"}],"curies":[{"name":"wp","href":"https:\/\/api.w.org\/{rel}","templated":true}]}}