{"id":3242,"date":"2017-06-09T11:53:12","date_gmt":"2017-06-09T11:53:12","guid":{"rendered":"https:\/\/themes.themegoods.com\/grandspa\/demo\/?page_id=3242"},"modified":"2025-12-16T18:07:22","modified_gmt":"2025-12-16T18:07:22","slug":"reserva","status":"publish","type":"page","link":"https:\/\/www.plenitudmassagespa.co\/en\/reserva\/","title":{"rendered":"RESERVATION"},"content":{"rendered":"<div  class=\"one withsmallpadding ppb_header parallax withbg\" style=\"background-image:url(https:\/\/www.plenitudmassagespa.co\/wp-content\/uploads\/2025\/12\/JUEVES-27-18-scaled-e1764906781735.png);background-position: center top;text-align:center;padding:85px 0 85px 0;color:#ffffff;\" >\n<div class=\"overlay_background\" style=\"background:#000000;background:rgb(0,0,0,0.3);background:rgba(0,0,0,0.3);\"><\/div>\n<div class=\"standard_wrapper\">\n<div class=\"page_content_wrapper wide\">\n<div class=\"inner\">\n<div style=\"margin:auto;width:100%\">\n<h2 class=\"ppb_title\" style=\"color:#ffffff;\">Schedule your time to relax<\/h2>\n<div class=\"page_tagline\" style=\"color:#ffffff;\">Book easily and enjoy an experience designed just for you.<\/div>\n<\/div>\n<\/div>\n<\/div>\n<\/div>\n<\/div>\n<div  class=\"one withsmallpadding\" style=\"padding:40px 0 40px 0;margin-top:20px;\" >\n<div class=\"standard_wrapper\">\n<div class=\"page_content_wrapper wide\">\n<div class=\"inner\">\n<div class=\"inner_wrapper\">\n<div class=\"sidebar_content left_sidebar\">\n<div class=\"booked-calendar-shortcode-wrap\">\n<div class=\"booked-calendar-wrap large\">\n<div class=\"booked-calendar\" data-calendar-id=\"56\" data-calendar-date=\"2025-12-01\">\n<div class=\"bc-head\">\n<div class=\"bc-row top\">\n<div class=\"bc-col\">\n\t\t\t\t\t\t\t\t\t\t<span class=\"calendarSavingState\"><br \/>\n\t\t\t\t\t\t<i class=\"fa-solid fa-circle-notch fa-spin\"><\/i><br \/>\n\t\t\t\t\t<\/span><br \/>\n\t\t\t\t\t<span class=\"monthName\"><br \/>\n\t\t\t\t\t\tdiciembre 2025\t\t\t\t\t\t\t\t\t\t\t<\/span><br \/>\n\t\t\t\t\t<a href=\"#\" data-goto=\"2026-01-01\" class=\"page-right\"><i class=\"fa-solid fa-arrow-right\"><\/i><\/a>\t\t\t\t<\/div>\n<\/p><\/div>\n<div class=\"bc-row days\">\n<div class=\"bc-col\">Lun<\/div>\n<div class=\"bc-col\">Mar<\/div>\n<div class=\"bc-col\">Mi\u00e9<\/div>\n<div class=\"bc-col\">Jue<\/div>\n<div class=\"bc-col\">Vie<\/div>\n<div class=\"bc-col\">S\u00e1b<\/div>\n<div class=\"bc-col\">Dom<\/div>\n<\/p><\/div>\n<\/p><\/div>\n<div class=\"bc-body\">\n<div class=\"bc-row week\">\n<div data-date=\"2025-12-1\" class=\"bc-col prev-date\"><span class=\"date\"><span class=\"number\">1<\/span><\/span><\/div>\n<div data-date=\"2025-12-2\" class=\"bc-col prev-date\"><span class=\"date\"><span class=\"number\">2<\/span><\/span><\/div>\n<div data-date=\"2025-12-3\" class=\"bc-col prev-date\"><span class=\"date\"><span class=\"number\">3<\/span><\/span><\/div>\n<div data-date=\"2025-12-4\" class=\"bc-col prev-date\"><span class=\"date\"><span class=\"number\">4<\/span><\/span><\/div>\n<div data-date=\"2025-12-5\" class=\"bc-col prev-date\"><span class=\"date\"><span class=\"number\">5<\/span><\/span><\/div>\n<div data-date=\"2025-12-6\" class=\"bc-col prev-date\"><span class=\"date\"><span class=\"number\">6<\/span><\/span><\/div>\n<div data-date=\"2025-12-7\" class=\"bc-col prev-date\"><span class=\"date\"><span class=\"number\">7<\/span><\/span><\/div>\n<\/div>\n<div class=\"bc-row week\">\n<div data-date=\"2025-12-8\" class=\"bc-col prev-date\"><span class=\"date\"><span class=\"number\">8<\/span><\/span><\/div>\n<div data-date=\"2025-12-9\" class=\"bc-col prev-date\"><span class=\"date\"><span class=\"number\">9<\/span><\/span><\/div>\n<div data-date=\"2025-12-10\" class=\"bc-col prev-date\"><span class=\"date\"><span class=\"number\">10<\/span><\/span><\/div>\n<div data-date=\"2025-12-11\" class=\"bc-col prev-date\"><span class=\"date\"><span class=\"number\">11<\/span><\/span><\/div>\n<div data-date=\"2025-12-12\" class=\"bc-col prev-date\"><span class=\"date\"><span class=\"number\">12<\/span><\/span><\/div>\n<div data-date=\"2025-12-13\" class=\"bc-col prev-date\"><span class=\"date\"><span class=\"number\">13<\/span><\/span><\/div>\n<div data-date=\"2025-12-14\" class=\"bc-col prev-date\"><span class=\"date\"><span class=\"number\">14<\/span><\/span><\/div>\n<\/div>\n<div class=\"bc-row week\">\n<div data-date=\"2025-12-15\" class=\"bc-col prev-date\"><span class=\"date\"><span class=\"number\">15<\/span><\/span><\/div>\n<div data-date=\"2025-12-16\" class=\"bc-col today prev-date\"><span class=\"date\"><span class=\"number\">16<\/span><\/span><\/div>\n<div data-date=\"2025-12-17\" class=\"bc-col\"><span class=\"date tooltipster\" title=\"77 Disponible\"><span class=\"number\">17<\/span><\/span><\/div>\n<div data-date=\"2025-12-18\" class=\"bc-col\"><span class=\"date tooltipster\" title=\"77 Disponible\"><span class=\"number\">18<\/span><\/span><\/div>\n<div data-date=\"2025-12-19\" class=\"bc-col\"><span class=\"date tooltipster\" title=\"77 Disponible\"><span class=\"number\">19<\/span><\/span><\/div>\n<div data-date=\"2025-12-20\" class=\"bc-col\"><span class=\"date tooltipster\" title=\"77 Disponible\"><span class=\"number\">20<\/span><\/span><\/div>\n<div data-date=\"2025-12-21\" class=\"bc-col\"><span class=\"date tooltipster\" title=\"77 Disponible\"><span class=\"number\">21<\/span><\/span><\/div>\n<\/div>\n<div class=\"bc-row week\">\n<div data-date=\"2025-12-22\" class=\"bc-col\"><span class=\"date tooltipster\" title=\"77 Disponible\"><span class=\"number\">22<\/span><\/span><\/div>\n<div data-date=\"2025-12-23\" class=\"bc-col\"><span class=\"date tooltipster\" title=\"77 Disponible\"><span class=\"number\">23<\/span><\/span><\/div>\n<div data-date=\"2025-12-24\" class=\"bc-col\"><span class=\"date tooltipster\" title=\"77 Disponible\"><span class=\"number\">24<\/span><\/span><\/div>\n<div data-date=\"2025-12-25\" class=\"bc-col\"><span class=\"date tooltipster\" title=\"77 Disponible\"><span class=\"number\">25<\/span><\/span><\/div>\n<div data-date=\"2025-12-26\" class=\"bc-col\"><span class=\"date tooltipster\" title=\"77 Disponible\"><span class=\"number\">26<\/span><\/span><\/div>\n<div data-date=\"2025-12-27\" class=\"bc-col\"><span class=\"date tooltipster\" title=\"77 Disponible\"><span class=\"number\">27<\/span><\/span><\/div>\n<div data-date=\"2025-12-28\" class=\"bc-col\"><span class=\"date tooltipster\" title=\"77 Disponible\"><span class=\"number\">28<\/span><\/span><\/div>\n<\/div>\n<div class=\"bc-row week\">\n<div data-date=\"2025-12-29\" class=\"bc-col\"><span class=\"date tooltipster\" title=\"77 Disponible\"><span class=\"number\">29<\/span><\/span><\/div>\n<div data-date=\"2025-12-30\" class=\"bc-col\"><span class=\"date tooltipster\" title=\"77 Disponible\"><span class=\"number\">30<\/span><\/span><\/div>\n<div data-date=\"2025-12-31\" class=\"bc-col\"><span class=\"date tooltipster\" title=\"77 Disponible\"><span class=\"number\">31<\/span><\/span><\/div>\n<div data-date=\"2026-01-1\" class=\"bc-col next-month prev-date\"><span class=\"date\"><span class=\"number\">1<\/span><\/span><\/div>\n<div data-date=\"2026-01-2\" class=\"bc-col next-month prev-date\"><span class=\"date\"><span class=\"number\">2<\/span><\/span><\/div>\n<div data-date=\"2026-01-3\" class=\"bc-col next-month prev-date\"><span class=\"date\"><span class=\"number\">3<\/span><\/span><\/div>\n<div data-date=\"2026-01-4\" class=\"bc-col next-month prev-date\"><span class=\"date\"><span class=\"number\">4<\/span><\/span><\/div>\n<\/div><\/div>\n<\/p><\/div>\n<\/div>\n<\/div>\n<\/div>\n<div class=\"sidebar_wrapper left_sidebar\">\n<div class=\"sidebar\">\n<div class=\"content\">\n<ul class=\"sidebar_widget\">\n<li id=\"text-2\" class=\"widget widget_text\">\n<h2 class=\"widgettitle\"><span>DIRECCI\u00d3N<\/span><\/h2>\n<div class=\"textwidget\">\n<p><span style=\"font-size:20px;\">Centro Calle Gastebondo, #02.96, local 9<\/span><\/p>\n<\/div>\n<\/li>\n<li id=\"text-3\" class=\"widget widget_text\">\n<h2 class=\"widgettitle\"><span>PLENITUD SPA<\/span><\/h2>\n<div class=\"textwidget\">\n<p>At Plenitud Spa, we are characterized by a genuine commitment to your well-being.<br \/>\nOur team of certified therapists combines experience, technique, and warm attention to offer you personalized service at every visit. Every detail is designed to ensure you enjoy a relaxing, attentive, and truly special experience.<\/p>\n<p><a href=\"https:\/\/www.instagram.com\/plenitudspacartagena\" \n   target=\"_blank\" \n   style=\"text-decoration:none; color:inherit;\"><br \/>\n    <span class=\"fab fa-instagram\" style=\"margin-right:10px;\"><\/span>@plenitudspacartagena<br \/>\n<\/a><br \/>\n<a href=\"https:\/\/www.facebook.com\/plenitudspacartagena\" \n   target=\"_blank\" \n   style=\"text-decoration:none; color:inherit;\"><span class=\"fab fa-facebook\" style=\"margin-right:10px;\"><\/span>@plenitudspacartagena<br \/>\n<\/a><\/p>\n<\/div>\n<\/li>\n<\/ul>\n<\/div>\n<\/div>\n<\/div>\n<\/div>\n<\/div>\n<\/div>\n<\/div>\n<\/div>\n<div  class=\"one ppb_card_two_cols_with_image\" style=\"padding-top:0 !important;position:relative;padding:40px 0 40px 0;margin-bottom:60px;\" >\n<div class=\"standard_wrapper\">\n<div class=\"page_content_wrapper wide\">\n<div class=\"inner\">\n<div class=\"one_half parallax_scroll_image\" style=\"width:65%;\">\n<div class=\"image_classic_frame expand\">\n<div class=\"image_wrapper\"><img decoding=\"async\" src=\"https:\/\/www.plenitudmassagespa.co\/wp-content\/uploads\/2025\/12\/49-scaled.png\" alt=\"\" class=\"portfolio_img\"\/><\/div>\n<\/div>\n<\/div>\n<div class=\"one_half last parallax_scroll parallax_text\" style=\"width:40%;position:absolute;padding:40px;background:#fff;\" data-stellar-ratio=\"1.3\">\n<h2 class=\"ppb_title\" style=\"\">ABOUT US AND CONTACT US <\/h2>\n<div class=\"ppb_header_content\">\n<p style=\"text-align: justify;\">At Plenitud Spa, we have a team of specialists dedicated to your well-being. Our approach combines technique, human warmth, and a deep commitment to offering experiences that renew the body and mind.<\/p>\n<p style=\"text-align: justify;\">If you would like to schedule an appointment, ask questions, or receive personalized advice, we are here for you.<\/p>\n<p>Contact us and let us take care of you as you deserve.<\/p>\n<\/div>\n<\/div>\n<p><br class=\"clear\"\/><\/div>\n<\/div>\n<\/div>\n<\/div>\n<div  class=\"one withsmallpadding ppb_header\" style=\"text-align:center;padding:40px 0 40px 0;\" >\n<div class=\"standard_wrapper\">\n<div class=\"page_content_wrapper wide\">\n<div class=\"inner\">\n<div style=\"margin:auto;width:100%\">\n<h2 class=\"ppb_title\" style=\"\">Plenitud Spa<\/h2>\n<div class=\"page_tagline\" style=\"\">Your place of calm, care, and renewal<\/div>\n<\/div>\n<\/div>\n<\/div>\n<\/div>\n<\/div>\n<div class=\"standard_wrapper\">\n<div class=\"one withsmallpadding ppb_line_divider\"  style=\"text-align:center;padding:0px 0 0px 0;margin-bottom:40px;\" >\n<div class=\"page_content_wrapper wide\">\n<div class=\"inner\">\n<div class=\"line_divider_border\" style=\"width:100px;\"><\/div>\n<div class=\"line_divider_seperator\"><i class=\"fa fa-leaf\" style=\"color:#efa697;\"><\/i><\/div>\n<div class=\"line_divider_border\" style=\"width:100px;\"><\/div>\n<\/div>\n<\/div>\n<\/div>\n<\/div>\n<div class=\"divider one\">&nbsp;<\/div>\n<div class=\"standard_wrapper\">\n<div id=\"https:\/\/www.plenitudmassagespa.co\/faciales-y-servicios-plenitud\/\" class=\"one_third ppb_bg_image_boxed theme_radius\" style=\"margin-bottom:60px;height:330px;\" >\n<div class=\"content_overlay\" style=\"background:#000000;background:rgb(0,0,0,0.3);background:rgba(0,0,0,0.3);\"><\/div>\n<div class=\"ppb_bg_image_boxed_bg\" style=\"background-image:url(https:\/\/www.plenitudmassagespa.co\/wp-content\/uploads\/2025\/11\/JUEVES-27-3-scaled.png);\"><\/div>\n<p><a class=\"ppb_bg_image_boxed_link\" href=\"https:\/\/www.plenitudmassagespa.co\/en\/faciales-plenitud\/\"><\/a><\/p>\n<div class=\"ppb_bg_image_boxed_content_wrapper\">\n<div class=\"ppb_bg_image_boxed_content\">\n<h3 style=\"color:#ffffff;\">FACIALS AND PLENITUD SERVICES<\/h3>\n<\/div>\n<\/div>\n<\/div>\n<\/div>\n<div class=\"standard_wrapper\">\n<div id=\"https:\/\/www.plenitudmassagespa.co\/rituales\/\" class=\"one_third ppb_bg_image_boxed theme_radius\" style=\"margin-bottom:60px;height:330px;\" >\n<div class=\"content_overlay\" style=\"background:#000000;background:rgb(0,0,0,0.3);background:rgba(0,0,0,0.3);\"><\/div>\n<div class=\"ppb_bg_image_boxed_bg\" style=\"background-image:url(https:\/\/www.plenitudmassagespa.co\/wp-content\/uploads\/2025\/11\/JUEVES-27-2-scaled.png);\"><\/div>\n<p><a class=\"ppb_bg_image_boxed_link\" href=\"https:\/\/www.plenitudmassagespa.co\/en\/masajes\/\"><\/a><\/p>\n<div class=\"ppb_bg_image_boxed_content_wrapper\">\n<div class=\"ppb_bg_image_boxed_content\">\n<h3 style=\"color:#ffffff;\">MASSAGES<\/h3>\n<\/div>\n<\/div>\n<\/div>\n<\/div>\n<div class=\"standard_wrapper\">\n<div id=\"https:\/\/www.plenitudmassagespa.co\/cuidado-de-unas-y-manos\/\" class=\"one_third last ppb_bg_image_boxed theme_radius\" style=\"margin-bottom:60px;height:330px;\" >\n<div class=\"content_overlay\" style=\"background:#000000;background:rgb(0,0,0,0.3);background:rgba(0,0,0,0.3);\"><\/div>\n<div class=\"ppb_bg_image_boxed_bg\" style=\"background-image:url(https:\/\/www.plenitudmassagespa.co\/wp-content\/uploads\/2025\/12\/JUEVES-27-11-1-scaled.png);\"><\/div>\n<p><a class=\"ppb_bg_image_boxed_link\" href=\"https:\/\/www.plenitudmassagespa.co\/en\/cuidado-de-unas-y-manos\/\"><\/a><\/p>\n<div class=\"ppb_bg_image_boxed_content_wrapper\">\n<div class=\"ppb_bg_image_boxed_content\">\n<h3 style=\"color:#ffffff;\">HAND AND NAIL CARE<\/h3>\n<\/div>\n<\/div>\n<\/div>\n<\/div>\n<div  class=\"one ppb_card_two_cols_with_image ppb_pricing_card_with_image\" style=\"position:relative;padding:40px 0 40px 0;margin-bottom:20px;\" >\n<div class=\"standard_wrapper\">\n<div class=\"page_content_wrapper wide\">\n<div class=\"inner\">\n<div class=\"one_half parallax_scroll_image\" style=\"width:65%;\">\n<div class=\"image_classic_frame expand\">\n<div class=\"image_wrapper\"><img decoding=\"async\" src=\"https:\/\/www.plenitudmassagespa.co\/wp-content\/uploads\/2025\/12\/44-scaled.png\" alt=\"\" class=\"portfolio_img\"\/><\/div>\n<\/div>\n<\/div>\n<div class=\"one_half last parallax_scroll parallax_text\" style=\"width:40%;position:absolute;padding:40px;background:#fff;\" data-stellar-ratio=\"1.3\">\n<h2 class=\"ppb_title\" style=\"\">Combos<\/h2>\n<div class=\"line_divider_border theme_border\" style=\"width:50px;\"><\/div>\n<div class=\"line_divider_seperator\"><i class=\"fa fa-leaf skin_color\"><\/i><\/div>\n<div class=\"line_divider_border theme_border\" style=\"width:50px;\"><\/div>\n<div class=\"pricing_wrapper themeborder\">\n<div class=\"pricing_title_wrapper\">Combo Masaje + Renovaci\u00f3n Celular + Hidrataci\u00f3n<\/div>\n<div class=\"pricing_title_price skin_color\">$250.00<\/div>\n<div class=\"pricing_excerpt_wrapper\">1 hour<\/div>\n<\/div>\n<div class=\"pricing_wrapper themeborder\">\n<div class=\"pricing_title_wrapper\">Combo Masaje para Parejas + Vino y Decoraci\u00f3n<\/div>\n<div class=\"pricing_title_price skin_color\">$420.00<\/div>\n<div class=\"pricing_excerpt_wrapper\">1 hour<\/div>\n<\/div>\n<div class=\"pricing_wrapper themeborder\">\n<div class=\"pricing_title_wrapper\">Celebridad Plenitud<\/div>\n<div class=\"pricing_title_price skin_color\">$220.00<\/div>\n<div class=\"pricing_excerpt_wrapper\">1 hour<\/div>\n<\/div>\n<\/div>\n<p><br class=\"clear\"\/><\/div>\n<\/div>\n<\/div>\n<\/div>\n<div  class=\"one ppb_card_two_cols_with_image ppb_pricing_card_with_image\" style=\"position:relative;padding:40px 0 40px 0;margin-bottom:20px;\" >\n<div class=\"standard_wrapper\">\n<div class=\"page_content_wrapper wide\">\n<div class=\"inner\">\n<div class=\"one_half parallax_scroll parallax_text\" style=\"width:40%;position:absolute;padding:40px;z-index:2;block !important;background:#fff;\" data-stellar-ratio=\"1.3\">\n<h2 class=\"ppb_title\" style=\"\">Massages<\/h2>\n<div class=\"line_divider_border theme_border\" style=\"width:50px;\"><\/div>\n<div class=\"line_divider_seperator\"><i class=\"fa fa-leaf skin_color\"><\/i><\/div>\n<div class=\"line_divider_border theme_border\" style=\"width:50px;\"><\/div>\n<div class=\"pricing_wrapper themeborder\">\n<div class=\"pricing_title_wrapper\">Synchronicity of the Soul<\/div>\n<div class=\"pricing_title_price skin_color\">$420.00<\/div>\n<div class=\"pricing_excerpt_wrapper\">1 hour<\/div>\n<\/div>\n<div class=\"pricing_wrapper themeborder\">\n<div class=\"pricing_title_wrapper\">Oasis of Serenity<\/div>\n<div class=\"pricing_title_price skin_color\">$230.00<\/div>\n<div class=\"pricing_excerpt_wrapper\">1 hour<\/div>\n<\/div>\n<div class=\"pricing_wrapper themeborder\">\n<div class=\"pricing_title_wrapper\">Volcanic Harmony<\/div>\n<div class=\"pricing_title_price skin_color\">$250.00<\/div>\n<div class=\"pricing_excerpt_wrapper\">1 hour<\/div>\n<\/div>\n<div class=\"pricing_wrapper themeborder\">\n<div class=\"pricing_title_wrapper\">Duo Sublime<\/div>\n<div class=\"pricing_title_price skin_color\">$230.00<\/div>\n<div class=\"pricing_excerpt_wrapper\">1 hour<\/div>\n<\/div>\n<div class=\"pricing_wrapper themeborder\">\n<div class=\"pricing_title_wrapper\">Chocolate Caresses<\/div>\n<div class=\"pricing_title_price skin_color\">$450.00<\/div>\n<div class=\"pricing_excerpt_wrapper\">2 hours<\/div>\n<\/div>\n<\/div>\n<div class=\"one_half parallax_scroll_image last\" style=\"width:65%;\">\n<div class=\"image_classic_frame expand\">\n<div class=\"image_wrapper\"><img decoding=\"async\" src=\"https:\/\/www.plenitudmassagespa.co\/wp-content\/uploads\/2025\/12\/JUEVES-27-9-scaled.png\" alt=\"\" class=\"portfolio_img\"\/><\/div>\n<\/div>\n<\/div>\n<p><br class=\"clear\"\/><\/div>\n<\/div>\n<\/div>\n<\/div>\n<div  class=\"one ppb_card_two_cols_with_image ppb_pricing_card_with_image\" style=\"position:relative;padding:15px 0 15px 0;margin-bottom:20px;\" >\n<div class=\"standard_wrapper\">\n<div class=\"page_content_wrapper wide\">\n<div class=\"inner\">\n<div class=\"one_half parallax_scroll_image\" style=\"width:60%;\">\n<div class=\"image_classic_frame expand\">\n<div class=\"image_wrapper\"><img decoding=\"async\" src=\"https:\/\/www.plenitudmassagespa.co\/wp-content\/uploads\/2025\/12\/JUEVES-27-20-scaled-e1764907974916.png\" alt=\"\" class=\"portfolio_img\"\/><\/div>\n<\/div>\n<\/div>\n<div class=\"one_half last parallax_scroll parallax_text\" style=\"width:40%;position:absolute;padding:15px;background:#fff;\" data-stellar-ratio=\"1.3\">\n<h2 class=\"ppb_title\" style=\"\">Faciales Plenitud<\/h2>\n<div class=\"line_divider_border theme_border\" style=\"width:50px;\"><\/div>\n<div class=\"line_divider_seperator\"><i class=\"fa fa-leaf skin_color\"><\/i><\/div>\n<div class=\"line_divider_border theme_border\" style=\"width:50px;\"><\/div>\n<div class=\"pricing_wrapper themeborder\">\n<div class=\"pricing_title_wrapper\">Facial Harmony<\/div>\n<div class=\"pricing_title_price skin_color\">$170.00<\/div>\n<div class=\"pricing_excerpt_wrapper\">50 minutes<\/div>\n<\/div>\n<div class=\"pricing_wrapper themeborder\">\n<div class=\"pricing_title_wrapper\">Facial Purification<\/div>\n<div class=\"pricing_title_price skin_color\">$170.00<\/div>\n<div class=\"pricing_excerpt_wrapper\">50 minutes<\/div>\n<\/div>\n<\/div>\n<p><br class=\"clear\"\/><\/div>\n<\/div>\n<\/div>\n<\/div>\n<div  class=\"one withsmallpadding ppb_header parallax withbg\" style=\"background-image:url(https:\/\/www.plenitudmassagespa.co\/wp-content\/uploads\/2025\/12\/JUEVES-27-11-1-scaled.png);background-position: center top;text-align:center;padding:100px 0 100px 0;color:#ffffff;margin-bottom:60px;\" >\n<div class=\"overlay_background\" style=\"background:#000000;background:rgb(0,0,0,0.3);background:rgba(0,0,0,0.3);\"><\/div>\n<div class=\"standard_wrapper\">\n<div class=\"page_content_wrapper wide\">\n<div class=\"inner\">\n<div style=\"margin:auto;width:100%\">\n<h2 class=\"ppb_title\" style=\"color:#ffffff;\">Hand and Nail Care<\/h2>\n<\/div>\n<\/div>\n<\/div>\n<\/div>\n<\/div>\n<div class=\"standard_wrapper\">\n<div  class=\"one_third ppb_pricing_boxed\" >\n<div class=\"ppb_boxed_text_button_wrapper\" style=\"background-color:;\">\n<div class=\"ppb_boxed_text_button_content\" style=\"color:;text-align:center;padding:55px;\">\n<h2 class=\"ppb_title\" style=\"\">Traditional<\/h2>\n<div class=\"line_divider_border theme_border\" style=\"width:50px;\"><\/div>\n<div class=\"line_divider_seperator\"><i class=\"fa fa-leaf skin_color\"><\/i><\/div>\n<div class=\"line_divider_border theme_border\" style=\"width:50px;\"><\/div>\n<div class=\"pricing_wrapper themeborder\">\n<div class=\"pricing_title_wrapper\">Manicure<\/div>\n<div class=\"pricing_title_price skin_color\">$50.00<\/div>\n<\/div>\n<div class=\"pricing_wrapper themeborder\">\n<div class=\"pricing_title_wrapper\">Pedicure<\/div>\n<div class=\"pricing_title_price skin_color\">$60.00<\/div>\n<\/div>\n<div class=\"pricing_wrapper themeborder\">\n<div class=\"pricing_title_wrapper\">Hands and Feet<\/div>\n<div class=\"pricing_title_price skin_color\">$100.00<\/div>\n<\/div>\n<\/div>\n<\/div>\n<\/div>\n<\/div>\n<div class=\"standard_wrapper\">\n<div  class=\"one_third ppb_pricing_boxed\" >\n<div class=\"ppb_boxed_text_button_wrapper\" style=\"background-color:;\">\n<div class=\"ppb_boxed_text_button_content\" style=\"color:;text-align:center;padding:55px;\">\n<h2 class=\"ppb_title\" style=\"\">Gel Nails<\/h2>\n<div class=\"line_divider_border theme_border\" style=\"width:50px;\"><\/div>\n<div class=\"line_divider_seperator\"><i class=\"fa fa-leaf skin_color\"><\/i><\/div>\n<div class=\"line_divider_border theme_border\" style=\"width:50px;\"><\/div>\n<div class=\"pricing_wrapper themeborder\">\n<div class=\"pricing_title_wrapper\">Hands<\/div>\n<div class=\"pricing_title_price skin_color\">$90.00<\/div>\n<\/div>\n<div class=\"pricing_wrapper themeborder\">\n<div class=\"pricing_title_wrapper\">Feet<\/div>\n<div class=\"pricing_title_price skin_color\">$100.00<\/div>\n<\/div>\n<div class=\"pricing_wrapper themeborder\">\n<div class=\"pricing_title_wrapper\">Hand Sanitizer<\/div>\n<div class=\"pricing_title_price skin_color\">$180.00<\/div>\n<\/div>\n<\/div>\n<\/div>\n<\/div>\n<\/div>\n<div class=\"standard_wrapper\">\n<div  class=\"one_third last ppb_pricing_boxed\" style=\"margin-bottom:30px;\" >\n<div class=\"ppb_boxed_text_button_wrapper\" style=\"background-color:;\">\n<div class=\"ppb_boxed_text_button_content\" style=\"color:;text-align:center;padding:40px;\">\n<h2 class=\"ppb_title\" style=\"\">Polygel<\/h2>\n<div class=\"line_divider_border theme_border\" style=\"width:50px;\"><\/div>\n<div class=\"line_divider_seperator\"><i class=\"fa fa-leaf skin_color\"><\/i><\/div>\n<div class=\"line_divider_border theme_border\" style=\"width:50px;\"><\/div>\n<div class=\"pricing_wrapper themeborder\">\n<div class=\"pricing_title_wrapper\">Poligel Sculpted<\/div>\n<div class=\"pricing_title_price skin_color\">$150.00<\/div>\n<\/div>\n<div class=\"pricing_wrapper themeborder\">\n<div class=\"pricing_title_wrapper\">Maintenance<\/div>\n<div class=\"pricing_title_price skin_color\">$120.00<\/div>\n<\/div>\n<\/div>\n<\/div>\n<\/div>\n<\/div>\n<div class=\"standard_wrapper\">\n<div  class=\"one_half ppb_pricing_boxed\" style=\"margin-bottom:30px;\" >\n<div class=\"ppb_boxed_text_button_wrapper\" style=\"background-color:;\">\n<div class=\"ppb_boxed_text_button_content\" style=\"color:;text-align:center;padding:40px;\">\n<h2 class=\"ppb_title\" style=\"\">Acrylics<\/h2>\n<div class=\"line_divider_border theme_border\" style=\"width:50px;\"><\/div>\n<div class=\"line_divider_seperator\"><i class=\"fa fa-leaf skin_color\"><\/i><\/div>\n<div class=\"line_divider_border theme_border\" style=\"width:50px;\"><\/div>\n<div class=\"pricing_wrapper themeborder\">\n<div class=\"pricing_title_wrapper\">Acrylics With Tips<\/div>\n<div class=\"pricing_title_price skin_color\">$150.00<\/div>\n<\/div>\n<div class=\"pricing_wrapper themeborder\">\n<div class=\"pricing_title_wrapper\">French Acrylics<\/div>\n<div class=\"pricing_title_price skin_color\">$180.00<\/div>\n<\/div>\n<div class=\"pricing_wrapper themeborder\">\n<div class=\"pricing_title_wrapper\">Sculpted Acrylics<\/div>\n<div class=\"pricing_title_price skin_color\">$180.00<\/div>\n<\/div>\n<div class=\"pricing_wrapper themeborder\">\n<div class=\"pricing_title_wrapper\">Maintenance<\/div>\n<div class=\"pricing_title_price skin_color\">$120.00<\/div>\n<\/div>\n<\/div>\n<\/div>\n<\/div>\n<\/div>\n<div class=\"standard_wrapper\">\n<div  class=\"one_half last ppb_pricing_boxed\" >\n<div class=\"ppb_boxed_text_button_wrapper\" style=\"background-color:;\">\n<div class=\"ppb_boxed_text_button_content\" style=\"color:;text-align:center;padding:40px;\">\n<h2 class=\"ppb_title\" style=\"\">Press On System<\/h2>\n<div class=\"line_divider_border theme_border\" style=\"width:50px;\"><\/div>\n<div class=\"line_divider_seperator\"><i class=\"fa fa-leaf skin_color\"><\/i><\/div>\n<div class=\"line_divider_border theme_border\" style=\"width:50px;\"><\/div>\n<div class=\"pricing_wrapper themeborder\">\n<div class=\"pricing_title_wrapper\">Press On System<\/div>\n<div class=\"pricing_title_price skin_color\">$140.00<\/div>\n<\/div>\n<div class=\"pricing_wrapper themeborder\">\n<div class=\"pricing_title_wrapper\">Dip Powder<\/div>\n<div class=\"pricing_title_price skin_color\">$100.00<\/div>\n<\/div>\n<\/div>\n<\/div>\n<\/div>\n<\/div>","protected":false},"excerpt":{"rendered":"<p>Agenda tu espacio para relajarte Reserva f\u00e1cilmente y disfruta de una experiencia pensada para ti. diciembre 2025 Lun Mar Mi\u00e9 Jue Vie S\u00e1b Dom 1 2 3 4 5 6 7 8 9 10 11 12 13 14 15 16 [&hellip;]<\/p>\n","protected":false},"author":1,"featured_media":0,"parent":0,"menu_order":0,"comment_status":"closed","ping_status":"closed","template":"","meta":{"pagelayer_contact_templates":[],"_pagelayer_content":"","footnotes":""},"class_list":["post-3242","page","type-page","status-publish","hentry"],"_links":{"self":[{"href":"https:\/\/www.plenitudmassagespa.co\/en\/wp-json\/wp\/v2\/pages\/3242","targetHints":{"allow":["GET"]}}],"collection":[{"href":"https:\/\/www.plenitudmassagespa.co\/en\/wp-json\/wp\/v2\/pages"}],"about":[{"href":"https:\/\/www.plenitudmassagespa.co\/en\/wp-json\/wp\/v2\/types\/page"}],"author":[{"embeddable":true,"href":"https:\/\/www.plenitudmassagespa.co\/en\/wp-json\/wp\/v2\/users\/1"}],"replies":[{"embeddable":true,"href":"https:\/\/www.plenitudmassagespa.co\/en\/wp-json\/wp\/v2\/comments?post=3242"}],"version-history":[{"count":14,"href":"https:\/\/www.plenitudmassagespa.co\/en\/wp-json\/wp\/v2\/pages\/3242\/revisions"}],"predecessor-version":[{"id":5822,"href":"https:\/\/www.plenitudmassagespa.co\/en\/wp-json\/wp\/v2\/pages\/3242\/revisions\/5822"}],"wp:attachment":[{"href":"https:\/\/www.plenitudmassagespa.co\/en\/wp-json\/wp\/v2\/media?parent=3242"}],"curies":[{"name":"wp","href":"https:\/\/api.w.org\/{rel}","templated":true}]}}