{"id":3232,"date":"2017-06-08T09:34:41","date_gmt":"2017-06-08T09:34:41","guid":{"rendered":"https:\/\/themes.themegoods.com\/grandspa\/demo\/?page_id=3232"},"modified":"2025-12-17T18:27:33","modified_gmt":"2025-12-17T18:27:33","slug":"plenitud-spa","status":"publish","type":"page","link":"https:\/\/www.plenitudmassagespa.co\/en\/","title":{"rendered":"Plenitud Spa"},"content":{"rendered":"<div  class=\"one fullwidth\"><\/div>\n<div  class=\"one ppb_boxed_text_button\" style=\"top:-32px;\" >\n<div class=\"ppb_boxed_text_button_wrapper\" style=\"background-color:;\">\n<div class=\"ppb_boxed_text_button_content\" style=\"color:;\">Horario de atenci\u00f3n 8:00am &#8211; 8:00pm<\/div>\n<p><a href=\"https:\/\/www.plenitudmassagespa.co\/en\/reserva\/\" class=\"button\" style=\"background-color:#e6a76f;border-color:#e6a76f;color:#ffffff;\">Book with us<\/a><\/div>\n<\/div>\n<div  class=\"one ppb_card_two_cols_with_image\" style=\"position:relative;padding:40px 0 40px 0;margin-bottom:60px;\" >\n<div class=\"standard_wrapper\">\n<div class=\"page_content_wrapper wide\">\n<div class=\"inner\">\n<div class=\"one_half parallax_scroll parallax_text\" style=\"width:40%;position:absolute;padding:40px;z-index:2;block !important;background:#fff;\" data-stellar-ratio=\"1.3\">\n<h2 class=\"ppb_title\" style=\"\">A HAVEN OF PEACE FOR YOUR BODY AND SOUL<\/h2>\n<div class=\"ppb_header_content\">\n<p style=\"text-align: justify;\">Immerse yourself in a space created to calm your mind and revitalize your body. Let yourself be enveloped by gentle rituals, warm environments, and an experience designed to disconnect you from the outside world and reconnect you with your inner peace.<\/p>\n<p><a class=\"readmore\" href=\"https:\/\/www.plenitudmassagespa.co\/en\/sobre-nosotros\/\">Find out more about us<\/a><\/p>\n<\/div>\n<\/div>\n<div class=\"one_half parallax_scroll_image last\" style=\"width:65%;\">\n<div class=\"image_classic_frame expand\">\n<div class=\"image_wrapper\"><img decoding=\"async\" src=\"https:\/\/www.plenitudmassagespa.co\/wp-content\/uploads\/2025\/11\/JUEVES-27-3-scaled.png\" alt=\"\" class=\"portfolio_img\"\/><\/div>\n<\/div>\n<\/div>\n<p><br class=\"clear\"\/><\/div>\n<\/div>\n<\/div>\n<\/div>\n<div  class=\"one withsmallpadding ppb_header parallax withbg\" style=\"background-image:url(https:\/\/www.plenitudmassagespa.co\/wp-content\/uploads\/2025\/11\/10-scaled.png);background-position: center top;text-align:center;padding:100px 0 100px 0;color:#ffffff;\" >\n<div class=\"overlay_background\" style=\"background:#000000;background:rgb(0,0,0,0.3);background:rgba(0,0,0,0.3);\"><\/div>\n<div class=\"standard_wrapper\">\n<div class=\"page_content_wrapper wide\">\n<div class=\"inner\">\n<div style=\"margin:auto;width:100%\">\n<h2 class=\"ppb_title\" style=\"color:#ffffff;\">The essence of beauty and relaxation<\/h2>\n<div class=\"page_tagline\" style=\"color:#ffffff;\">Discover a world where relaxation becomes an experience.<\/div>\n<\/div>\n<\/div>\n<\/div>\n<\/div>\n<\/div>\n<div  class=\"one withsmallpadding ppb_header\" style=\"text-align:center;padding:40px 0 40px 0;\" >\n<div class=\"standard_wrapper\">\n<div class=\"page_content_wrapper wide\">\n<div class=\"inner\">\n<div style=\"margin:auto;width:100%\">\n<h2 class=\"ppb_title\" style=\"\">Plenitud Spa Services<\/h2>\n<div class=\"page_tagline\" style=\"\">Relax, Breathe, and Renew Your Energy<\/div>\n<\/div>\n<\/div>\n<\/div>\n<\/div>\n<\/div>\n<div class=\"divider one\">&nbsp;<\/div>\n<div class=\"standard_wrapper\">\n<div  class=\"ppb_image_boxed one_third\" style=\"margin-bottom:20px;\" >\n<div class=\"page_content_wrapper wide\">\n<div class=\"inner\">\n<div class=\"image_boxed_wrapper theme_radius\" style=\"text-align:center;>\u00ab><img decoding=\"async\" src=\"https:\/\/www.plenitudmassagespa.co\/wp-content\/uploads\/2025\/12\/JUEVES-27-scaled.png\" alt=\"Plenitud spa\"\/><\/p>\n<div class=\"image_boxed_content\" style=\"padding:20px;\">\n<h3 style=\"margin-bottom: 20px !important; width: 300px !important; text-align: center;\">FACIALS AND PLENITUD SERVICES<\/h3>\n<p style=\"text-align: justify;\">Facial treatments designed to revitalize your skin, improve its radiance, and balance its natural moisture levels. Gentle techniques that relax, renew, and leave your face feeling fresh and radiant.<\/p>\n<p><a class=\"readmore\" href=\"https:\/\/www.plenitudmassagespa.co\/en\/faciales-plenitud\/\">see more<\/a><\/p>\n<\/div>\n<\/div>\n<\/div>\n<\/div>\n<\/div>\n<\/div>\n<div class=\"standard_wrapper\">\n<div  class=\"ppb_image_boxed one_third\" style=\"margin-bottom:20px;\" >\n<div class=\"page_content_wrapper wide\">\n<div class=\"inner\">\n<div class=\"image_boxed_wrapper theme_radius\" style=\"text-align:center;>\u00ab><img decoding=\"async\" src=\"https:\/\/www.plenitudmassagespa.co\/wp-content\/uploads\/2025\/11\/8-scaled.png\" alt=\"Plenitud spa\"\/><\/p>\n<div class=\"image_boxed_content\" style=\"padding:20px;\">\n<h3 style=\"margin-bottom: 20px !important; width: 300px !important; text-align: center;\">\nHARMONY<br \/>\nBODY<\/h3>\n<p style=\"text-align: justify;\">Therapeutic massages designed to release tension, improve circulation, and provide a deep sense of well-being. Specialized techniques that relax and restore energy.<\/p>\n<p><a class=\"readmore\" href=\"https:\/\/www.plenitudmassagespa.co\/en\/masajes\/\">see more<\/a><\/p>\n<\/div>\n<\/div>\n<\/div>\n<\/div>\n<\/div>\n<\/div>\n<div class=\"standard_wrapper\">\n<div  class=\"ppb_image_boxed one_third last\" style=\"margin-bottom:20px;\" >\n<div class=\"page_content_wrapper wide\">\n<div class=\"inner\">\n<div class=\"image_boxed_wrapper theme_radius\" style=\"text-align:center;>\u00ab><img decoding=\"async\" src=\"https:\/\/www.plenitudmassagespa.co\/wp-content\/uploads\/2025\/12\/39-scaled.png\" alt=\"Plenitud spa\"\/><\/p>\n<div class=\"image_boxed_content\" style=\"padding:20px;\">\n<h3 style=\"margin-bottom: 20px !important; width: 300px !important; text-align: center;\">\nHAND CARE <br \/>AND NAILS<\/h3>\n<p style=\"text-align: justify;\">Treatments designed to beautify and protect your hands, combining deep hydration, precise techniques, and delicate details that provide a completely rejuvenating experience.<\/p>\n<p><a class=\"readmore\" href=\"https:\/\/www.plenitudmassagespa.co\/en\/cuidado-de-unas-y-manos\/\">see more<\/a><\/p>\n<\/div>\n<\/div>\n<\/div>\n<\/div>\n<\/div>\n<\/div>\n<div class=\"standard_wrapper\">\n<div class=\"one withsmallpadding ppb_line_divider\"  style=\"text-align:center;padding:0px 0 0px 0;margin-top:30px;margin-bottom:30px;\" >\n<div class=\"page_content_wrapper wide\">\n<div class=\"inner\">\n<div class=\"line_divider_border\" style=\"width:100px;\"><\/div>\n<div class=\"line_divider_seperator\"><i class=\"fa fa-leaf\" style=\"color:#e6a76f;\"><\/i><\/div>\n<div class=\"line_divider_border\" style=\"width:100px;\"><\/div>\n<\/div>\n<\/div>\n<\/div>\n<\/div>\n<div class=\"one\" style=\"margin-bottom:30px;\" >\n<div class=\"horizontal_gallery\">\n<table class=\"horizontal_gallery_wrapper\">\n<tbody>\n<tr>\n<td class=\"horizontal_gallery_info\">\n<h2 class=\"ppb_title\">PLENITUD SERENITY HOME<\/h2>\n<div class=\"ppb_header_content\">\n<p style=\"text-align: justify;\">Each image reflects how we transform your home into a haven of well-being. Our in-home massages are designed to provide you with relaxation, comfort, and a professional experience without you having to leave home.<\/p>\n<\/div>\n<\/td>\n<td>\n<div class=\"gallery_image_wrapper\">\n\t\t\t\t    \t<img decoding=\"async\" src=\"https:\/\/www.plenitudmassagespa.co\/wp-content\/uploads\/2017\/06\/16-scaled.png\" alt=\"\" class=\"horizontal_gallery_img\" data-height=\"75\"\/><\/p>\n<div class=\"image_caption_wrapper\">\n<div class=\"image_caption\">Plenitud spa<\/div>\n<\/div>\n<\/div>\n<\/td>\n<td>\n<div class=\"gallery_image_wrapper\">\n\t\t\t\t    \t<img decoding=\"async\" src=\"https:\/\/www.plenitudmassagespa.co\/wp-content\/uploads\/2017\/06\/12-scaled.png\" alt=\"\" class=\"horizontal_gallery_img\" data-height=\"75\"\/><\/p>\n<div class=\"image_caption_wrapper\">\n<div class=\"image_caption\">Plenitud spa<\/div>\n<\/div>\n<\/div>\n<\/td>\n<td>\n<div class=\"gallery_image_wrapper\">\n\t\t\t\t    \t<img decoding=\"async\" src=\"https:\/\/www.plenitudmassagespa.co\/wp-content\/uploads\/2017\/06\/11-scaled.png\" alt=\"\" class=\"horizontal_gallery_img\" data-height=\"75\"\/><\/p>\n<div class=\"image_caption_wrapper\">\n<div class=\"image_caption\">Plenitud spa<\/div>\n<\/div>\n<\/div>\n<\/td>\n<\/tr>\n<\/tbody>\n<\/table><\/div>\n<\/p><\/div>\n<div  class=\"ppb_image_half_boxed_fixed_width one\" style=\"margin-bottom:40px;\" >\n<div class=\"standard_wrapper\">\n<div class=\"page_content_wrapper wide\">\n<div class=\"inner\" style=\"height:420px;\">\n<div class=\"one_half content_middle fixed parallax_text\" style=\"padding:40px; text-align:left;\">\n<div class=\"content_middle_wrapper\">\n<div class=\"content_middle_content\">\n<h2 class=\"ppb_title\" style=\"color:#333333;\">RELAXATION EXPERIENCE<\/h2>\n<div class=\"ppb_header_content\">\n<p style=\"text-align: justify;\">Discover a refuge created for those seeking to disconnect from the daily grind and immerse themselves in a deep state of well-being. Our rituals are designed to balance body, mind, and energy, combining artisanal techniques, enveloping aromas, and natural elements that awaken the senses.<\/p>\n<p><a class=\"readmore\" href=\"https:\/\/www.plenitudmassagespa.co\/en\/masajes\/\">See our services<\/a><\/p>\n<\/div>\n<\/div>\n<\/div>\n<\/div>\n<div class=\"one_half content_middle parallax_text last\" style=\"background-image:url(https:\/\/www.plenitudmassagespa.co\/wp-content\/uploads\/2025\/11\/JUEVES-27-5-scaled.png)\"><\/div>\n<p><br class=\"clear\"\/><\/div>\n<\/div>\n<\/div>\n<\/div>\n<div  class=\"ppb_image_half_boxed_fixed_width one\" style=\"margin-bottom:60px;\" >\n<div class=\"standard_wrapper\">\n<div class=\"page_content_wrapper wide\">\n<div class=\"inner\" style=\"height:450px;\">\n<div class=\"one_half content_middle parallax_text\" style=\"background-image:url(https:\/\/www.plenitudmassagespa.co\/wp-content\/uploads\/2025\/11\/JUEVES-27-6-scaled.png)\"><\/div>\n<div class=\"one_half last content_middle fixed parallax_text\" style=\"padding:40px;text-align:left; \">\n<div class=\"content_middle_wrapper\">\n<div class=\"content_middle_content\">\n<h2 class=\"ppb_title\" style=\"\">COMMITTED TO YOUR SATISFACTION<\/h2>\n<div class=\"ppb_header_content\">\n<p style=\"text-align: justify;\">We focus on providing exceptional, personalized service and unforgettable experiences. Every detail is designed to ensure your comfort, relaxation, and total well-being.<\/p>\n<p><a class=\"readmore\" href=\"https:\/\/www.plenitudmassagespa.co\/en\/reserva\/\">Check availability<\/a><\/p>\n<\/div>\n<\/div>\n<\/div>\n<\/div>\n<p><br class=\"clear\"\/><\/div>\n<\/div>\n<\/div>\n<\/div>\n<div  class=\"one withsmallpadding ppb_header parallax withbg\" style=\"background-image:url(https:\/\/www.plenitudmassagespa.co\/wp-content\/uploads\/2025\/11\/11-scaled.png);background-position: center top;text-align:center;padding:100px 0 100px 0;color:#ffffff;margin-bottom:60px;\" >\n<div class=\"overlay_background\" style=\"background:#000000;background:rgb(0,0,0,0.3);background:rgba(0,0,0,0.3);\"><\/div>\n<div class=\"standard_wrapper\">\n<div class=\"page_content_wrapper wide\">\n<div class=\"inner\">\n<div style=\"margin:auto;width:100%\">\n<h2 class=\"ppb_title\" style=\"color:#ffffff;\">Beauty and pleasure redefined<\/h2>\n<div class=\"page_tagline\" style=\"color:#ffffff;\">Enter a space where relaxation reveals its true meaning.<\/div>\n<\/div>\n<\/div>\n<\/div>\n<\/div>\n<\/div>","protected":false},"excerpt":{"rendered":"<p>Horario de atenci\u00f3n 8:00am &#8211; 8:00pm Reserva con nosotros UN REFUGIO DE PAZ PARA TU CUERPO Y ALMA Sum\u00e9rgete en un espacio creado para calmar tu mente y revitalizar tu cuerpo. D\u00e9jate envolver por rituales suaves, ambientes c\u00e1lidos y una [&hellip;]<\/p>\n","protected":false},"author":1,"featured_media":0,"parent":0,"menu_order":0,"comment_status":"closed","ping_status":"closed","template":"","meta":{"pagelayer_contact_templates":[],"_pagelayer_content":"","footnotes":""},"class_list":["post-3232","page","type-page","status-publish","hentry"],"_links":{"self":[{"href":"https:\/\/www.plenitudmassagespa.co\/en\/wp-json\/wp\/v2\/pages\/3232","targetHints":{"allow":["GET"]}}],"collection":[{"href":"https:\/\/www.plenitudmassagespa.co\/en\/wp-json\/wp\/v2\/pages"}],"about":[{"href":"https:\/\/www.plenitudmassagespa.co\/en\/wp-json\/wp\/v2\/types\/page"}],"author":[{"embeddable":true,"href":"https:\/\/www.plenitudmassagespa.co\/en\/wp-json\/wp\/v2\/users\/1"}],"replies":[{"embeddable":true,"href":"https:\/\/www.plenitudmassagespa.co\/en\/wp-json\/wp\/v2\/comments?post=3232"}],"version-history":[{"count":8,"href":"https:\/\/www.plenitudmassagespa.co\/en\/wp-json\/wp\/v2\/pages\/3232\/revisions"}],"predecessor-version":[{"id":5911,"href":"https:\/\/www.plenitudmassagespa.co\/en\/wp-json\/wp\/v2\/pages\/3232\/revisions\/5911"}],"wp:attachment":[{"href":"https:\/\/www.plenitudmassagespa.co\/en\/wp-json\/wp\/v2\/media?parent=3232"}],"curies":[{"name":"wp","href":"https:\/\/api.w.org\/{rel}","templated":true}]}}