{"id":3139,"date":"2017-06-07T05:43:54","date_gmt":"2017-06-07T05:43:54","guid":{"rendered":"https:\/\/themes.themegoods.com\/grandspa\/demo\/?page_id=3139"},"modified":"2025-12-17T18:26:49","modified_gmt":"2025-12-17T18:26:49","slug":"faciales-plenitud","status":"publish","type":"page","link":"https:\/\/www.plenitudmassagespa.co\/en\/faciales-plenitud\/","title":{"rendered":"FULLNESS FACIALS"},"content":{"rendered":"<div  class=\"one ppb_boxed_text_button\" style=\"margin-top:-32px;margin-bottom:60px;\" >\n<div class=\"ppb_boxed_text_button_wrapper\" style=\"background-color:#ffffff;\">\n<div class=\"ppb_boxed_text_button_content\" style=\"color:;\"><span class=\"ti-alarm-clock\" style=\"margin-right:10px;\"><\/span>Abiertos 08:00am &#8211; 8:00pm diario<\/div>\n<p><a href=\"https:\/\/www.plenitudmassagespa.co\/en\/reserva\/\" class=\"button\" style=\"background-color:#e6a76f;border-color:#e6a76f;color:#ffffff;\">Book with us<\/a><\/div>\n<\/div>\n<div  class=\"ppb_image_half_boxed_fixed_width one\" style=\"margin-bottom:40px;\" >\n<div class=\"standard_wrapper\">\n<div class=\"page_content_wrapper wide\">\n<div class=\"inner\" style=\"height:400px;\">\n<div class=\"one_half content_middle fixed parallax_text\" style=\"padding:40px; text-align:left;\">\n<div class=\"content_middle_wrapper\">\n<div class=\"content_middle_content\">\n<h2 class=\"ppb_title\" style=\"\">FACIAL PURIFICATION<\/h2>\n<div class=\"ppb_header_content\">\n<p style=\"text-align: justify;\">Our personalized facial treatment, designed to rejuvenate your skin according to your needs, includes deep cleansing, gentle exfoliation, relaxing facial massages, and a mask tailored to your skin type, leaving you with a natural, long-lasting glow.<\/p>\n<p><a class=\"readmore\" href=\"https:\/\/www.plenitudmassagespa.co\/en\/reserva\/\">Schedule an appointment<\/a><\/p>\n<\/div>\n<\/div>\n<\/div>\n<\/div>\n<div class=\"one_half content_middle parallax_text last\" style=\"background-image:url(https:\/\/www.plenitudmassagespa.co\/wp-content\/uploads\/2025\/11\/JUEVES-27-7-scaled.png)\"><\/div>\n<p><br class=\"clear\"\/><\/div>\n<\/div>\n<\/div>\n<\/div>\n<div  class=\"ppb_image_half_boxed_fixed_width one\" style=\"margin-bottom:60px;\" >\n<div class=\"standard_wrapper\">\n<div class=\"page_content_wrapper wide\">\n<div class=\"inner\" style=\"height:400px;\">\n<div class=\"one_half content_middle parallax_text\" style=\"background-image:url(https:\/\/www.plenitudmassagespa.co\/wp-content\/uploads\/2025\/12\/JUEVES-27-20-scaled-e1764907974916.png)\"><\/div>\n<div class=\"one_half last content_middle fixed parallax_text\" style=\"padding:40px;text-align:left; \">\n<div class=\"content_middle_wrapper\">\n<div class=\"content_middle_content\">\n<h2 class=\"ppb_title\" style=\"\">FACIAL HARMONY<\/h2>\n<div class=\"ppb_header_content\">\n<p style=\"text-align: justify;\">Our ideal treatment to repair and restore moisture lost due to time and external factors. It leaves your skin fresh, healthy, and rejuvenated, visibly correcting the signs of aging. It includes a deep moisturizing mask and a relaxing craniofacial massage for a revitalizing experience.<\/p>\n<p><a class=\"readmore\" href=\"https:\/\/www.plenitudmassagespa.co\/en\/reserva\/\">Schedule an appointment<\/a><\/p>\n<\/div>\n<\/div>\n<\/div>\n<\/div>\n<p><br class=\"clear\"\/><\/div>\n<\/div>\n<\/div>\n<\/div>\n<div  class=\"one withsmallpadding ppb_header parallax withbg\" style=\"background-image:url(https:\/\/www.plenitudmassagespa.co\/wp-content\/uploads\/2025\/11\/JUEVES-27-3-scaled.jpg);background-position: center top;text-align:center;padding:100px 0 100px 0;color:#ffffff;margin-bottom:30px;\" >\n<div class=\"overlay_background\" style=\"background:#000000;background:rgb(0,0,0,0.3);background:rgba(0,0,0,0.3);\"><\/div>\n<div class=\"standard_wrapper\">\n<div class=\"page_content_wrapper wide\">\n<div class=\"inner\">\n<div style=\"margin:auto;width:100%\">\n<h2 class=\"ppb_title\" style=\"color:#ffffff;\">Relax, breathe, and renew your energy. <\/h2>\n<div class=\"page_tagline\" style=\"color:#ffffff;\">Our massages offer relief, well-being, and an experience designed to help you disconnect from everything.<\/div>\n<\/div>\n<\/div>\n<\/div>\n<\/div>\n<\/div>","protected":false},"excerpt":{"rendered":"<p>Abiertos 08:00am &#8211; 8:00pm diario Reserva con nosotros PURIFICACI\u00d3N FACIAL Nuestro tratamiento facial personalizado, dise\u00f1ado para rejuvenecer tu piel seg\u00fan tus necesidades, incluye una limpieza profunda, exfoliaci\u00f3n suave, masajes faciales relajantes y una mascarilla adaptada a tu tipo de piel, [&hellip;]<\/p>\n","protected":false},"author":1,"featured_media":4753,"parent":0,"menu_order":0,"comment_status":"closed","ping_status":"closed","template":"","meta":{"pagelayer_contact_templates":[],"_pagelayer_content":"","footnotes":""},"class_list":["post-3139","page","type-page","status-publish","has-post-thumbnail","hentry"],"_links":{"self":[{"href":"https:\/\/www.plenitudmassagespa.co\/en\/wp-json\/wp\/v2\/pages\/3139","targetHints":{"allow":["GET"]}}],"collection":[{"href":"https:\/\/www.plenitudmassagespa.co\/en\/wp-json\/wp\/v2\/pages"}],"about":[{"href":"https:\/\/www.plenitudmassagespa.co\/en\/wp-json\/wp\/v2\/types\/page"}],"author":[{"embeddable":true,"href":"https:\/\/www.plenitudmassagespa.co\/en\/wp-json\/wp\/v2\/users\/1"}],"replies":[{"embeddable":true,"href":"https:\/\/www.plenitudmassagespa.co\/en\/wp-json\/wp\/v2\/comments?post=3139"}],"version-history":[{"count":10,"href":"https:\/\/www.plenitudmassagespa.co\/en\/wp-json\/wp\/v2\/pages\/3139\/revisions"}],"predecessor-version":[{"id":5910,"href":"https:\/\/www.plenitudmassagespa.co\/en\/wp-json\/wp\/v2\/pages\/3139\/revisions\/5910"}],"wp:featuredmedia":[{"embeddable":true,"href":"https:\/\/www.plenitudmassagespa.co\/en\/wp-json\/wp\/v2\/media\/4753"}],"wp:attachment":[{"href":"https:\/\/www.plenitudmassagespa.co\/en\/wp-json\/wp\/v2\/media?parent=3139"}],"curies":[{"name":"wp","href":"https:\/\/api.w.org\/{rel}","templated":true}]}}