{"id":3130,"date":"2017-06-07T04:39:33","date_gmt":"2017-06-07T04:39:33","guid":{"rendered":"https:\/\/themes.themegoods.com\/grandspa\/demo\/?page_id=3130"},"modified":"2025-12-17T18:25:23","modified_gmt":"2025-12-17T18:25:23","slug":"masajes","status":"publish","type":"page","link":"https:\/\/www.plenitudmassagespa.co\/en\/masajes\/","title":{"rendered":"MASSAGES"},"content":{"rendered":"<div  class=\"one ppb_boxed_text_button\" style=\"margin-top:-32px;margin-bottom:60px;\" >\n<div class=\"ppb_boxed_text_button_wrapper\" style=\"background-color:#ffffff;\">\n<div class=\"ppb_boxed_text_button_content\" style=\"color:;\"><span class=\"ti-alarm-clock\" style=\"margin-right:10px;\"><\/span>Abiertos 8:00am &#8211; 8:00pm diario<\/div>\n<p><a href=\"https:\/\/themes.themegoods.com\/grandspa\/demo\/booking\" class=\"button\" style=\"background-color:#e6a76f;border-color:#e6a76f;color:#ffffff;\">Book with us<\/a><\/div>\n<\/div>\n<div  class=\"ppb_image_half_boxed_fixed_width one\" style=\"margin-bottom:30px;\" >\n<div class=\"standard_wrapper\">\n<div class=\"page_content_wrapper wide\">\n<div class=\"inner\" style=\"height:380px;\">\n<div class=\"one_half content_middle parallax_text\" style=\"background-image:url(https:\/\/www.plenitudmassagespa.co\/wp-content\/uploads\/2025\/11\/JUEVES-27-5-scaled.png)\"><\/div>\n<div class=\"one_half last content_middle fixed parallax_text\" style=\"padding:40px;text-align:left; \">\n<div class=\"content_middle_wrapper\">\n<div class=\"content_middle_content\">\n<h2 class=\"ppb_title\" style=\"\">VOLCANIC HARMONY<\/h2>\n<div class=\"ppb_header_content\">\n<p style=\"text-align: justify;\">An exclusive treatment with stones of varying temperatures that relaxes muscles, balances energy, and provides an intense and profound sense of calm, ideal for reducing stress.<\/p>\n<p><a class=\"readmore\" href=\"https:\/\/www.plenitudmassagespa.co\/en\/reservar\/\">Book<\/a><\/p>\n<\/div>\n<\/div>\n<\/div>\n<\/div>\n<p><br class=\"clear\"\/><\/div>\n<\/div>\n<\/div>\n<\/div>\n<div class=\"standard_wrapper\">\n<div  class=\"ppb_image_boxed one_third\" style=\"margin-top:20px;margin-bottom:50px;\" >\n<div class=\"page_content_wrapper wide\">\n<div class=\"inner\">\n<div class=\"image_boxed_wrapper theme_radius\" style=\"text-align:center;>\u00ab><img decoding=\"async\" src=\"https:\/\/www.plenitudmassagespa.co\/wp-content\/uploads\/2025\/12\/48-scaled.png\" alt=\"\"\/><\/p>\n<div class=\"image_boxed_content\" style=\"padding:30px;\">\n<h3 style=\"margin-bottom: 20px !important; width: 300px !important; text-align: center;\">RELIEF <br \/>DEEP<\/h3>\n<p style=\"text-align: justify;\">Deep pressure focuses on relieving tense muscles and ligaments, offering a massage that promotes recovery and body balance.<\/p>\n<p><a class=\"readmore\" href=\"https:\/\/www.plenitudmassagespa.co\/en\/reservar\/\">Book<\/a><\/p>\n<\/div>\n<\/div>\n<\/div>\n<\/div>\n<\/div>\n<\/div>\n<div class=\"standard_wrapper\">\n<div  class=\"ppb_image_boxed one_third\" style=\"margin-top:20px;margin-bottom:50px;\" >\n<div class=\"page_content_wrapper wide\">\n<div class=\"inner\">\n<div class=\"image_boxed_wrapper theme_radius\" style=\"text-align:center;>\u00ab><img decoding=\"async\" src=\"https:\/\/www.plenitudmassagespa.co\/wp-content\/uploads\/2025\/11\/JUEVES-27-2-scaled.png\" alt=\"Plenitud Spa\"\/><\/p>\n<div class=\"image_boxed_content\" style=\"padding:30px;\">\n<h3 style=\"margin-bottom: 20px !important; width: 300px !important; text-align: center;\">CARESSES OF <br \/>CHOCOLATE<\/h3>\n<p style=\"text-align: justify;\">A ritual that begins with an aromatic welcome and gentle exfoliation, followed by chocolate moisturizing. It ends with a massage that releases tension.<\/p>\n<p><a class=\"readmore\" href=\"https:\/\/www.plenitudmassagespa.co\/en\/reserva\/\">Book<\/a><\/p>\n<\/div>\n<\/div>\n<\/div>\n<\/div>\n<\/div>\n<\/div>\n<div class=\"standard_wrapper\">\n<div  class=\"ppb_image_boxed one_third last\" style=\"margin-top:20px;margin-bottom:50px;\" >\n<div class=\"page_content_wrapper wide\">\n<div class=\"inner\">\n<div class=\"image_boxed_wrapper theme_radius\" style=\"text-align:center;>\u00ab><img decoding=\"async\" src=\"https:\/\/www.plenitudmassagespa.co\/wp-content\/uploads\/2025\/12\/20-scaled.png\" alt=\"Plenitud spa\"\/><\/p>\n<div class=\"image_boxed_content\" style=\"padding:30px;\">\n<h3 style=\"margin-bottom: 20px !important; width: 300px !important; text-align: center;\">DUO <br \/> SUBLIME<\/h3>\n<p style=\"text-align: justify;\">A massage for couples who want to relax together in a warm atmosphere with special touches that enrich the experience and create a moment to share.<\/p>\n<p><a class=\"readmore\" href=\"https:\/\/www.plenitudmassagespa.co\/en\/reservar\/\">Book<\/a><\/p>\n<\/div>\n<\/div>\n<\/div>\n<\/div>\n<\/div>\n<\/div>\n<div  class=\"ppb_image_half_boxed_fixed_width one\" style=\"margin-bottom:30px;\" >\n<div class=\"standard_wrapper\">\n<div class=\"page_content_wrapper wide\">\n<div class=\"inner\" style=\"height:380px;\">\n<div class=\"one_half content_middle fixed parallax_text\" style=\"padding:40px; text-align:left;\">\n<div class=\"content_middle_wrapper\">\n<div class=\"content_middle_content\">\n<h2 class=\"ppb_title\" style=\"\">OASIS OF SERENITY<\/h2>\n<div class=\"ppb_header_content\">\n<p style=\"text-align: justify;\">A massage focused on releasing accumulated stress, using gentle and precise movements that relax each muscle, balance energy, and provide a feeling of deep calm and total well-being.<\/p>\n<p><a class=\"readmore\" href=\"https:\/\/www.plenitudmassagespa.co\/en\/reservar\/\">Book<\/a><\/p>\n<\/div>\n<\/div>\n<\/div>\n<\/div>\n<div class=\"one_half content_middle parallax_text last\" style=\"background-image:url(https:\/\/www.plenitudmassagespa.co\/wp-content\/uploads\/2025\/12\/JUEVES-27-19-scaled.png)\"><\/div>\n<p><br class=\"clear\"\/><\/div>\n<\/div>\n<\/div>\n<\/div>\n<div class=\"standard_wrapper\">\n<div  class=\"ppb_image_boxed one_half\" style=\"margin-bottom:30px;\" >\n<div class=\"page_content_wrapper wide\">\n<div class=\"inner\">\n<div class=\"image_boxed_wrapper theme_radius\" style=\"text-align:left;>\u00ab><img decoding=\"async\" src=\"https:\/\/www.plenitudmassagespa.co\/wp-content\/uploads\/2025\/12\/JUEVES-27-9-scaled.png\" alt=\"plenitud spa\"\/><\/p>\n<div class=\"image_boxed_content\" style=\"padding:40px;\">\n<h3 style=\"margin-bottom: 20px !important; width: 300px !important; text-align: center;\">SILK RENAISSANCE<\/h3>\n<p style=\"text-align: justify;\">Body exfoliation renews your skin by cleansing impurities, improving circulation, and providing antioxidants that leave it firmer, smoother, and visibly more radiant.<\/p>\n<p><a class=\"readmore\" href=\"https:\/\/www.plenitudmassagespa.co\/en\/reservar\/\">Book<\/a><\/p>\n<\/div>\n<\/div>\n<\/div>\n<\/div>\n<\/div>\n<\/div>\n<div class=\"standard_wrapper\">\n<div  class=\"ppb_image_boxed one_half last\" style=\"margin-bottom:30px;\" >\n<div class=\"page_content_wrapper wide\">\n<div class=\"inner\">\n<div class=\"image_boxed_wrapper theme_radius\" style=\"text-align:left;>\u00ab><img decoding=\"async\" src=\"https:\/\/www.plenitudmassagespa.co\/wp-content\/uploads\/2025\/12\/45-scaled.png\" alt=\"Plenitud spa\"\/><\/p>\n<div class=\"image_boxed_content\" style=\"padding:40px;\">\n<h3 style=\"margin-bottom: 20px !important; width: 300px !important; text-align: center;\">LYMPHDRAINAGE<\/h3>\n<p style=\"text-align: justify;\">We apply firm, rhythmic pressure that promotes the elimination of toxins, stimulates blood circulation, reduces accumulated tension, and promotes a deep and lasting sense of well-being.<\/p>\n<p><a class=\"readmore\" href=\"https:\/\/www.plenitudmassagespa.co\/en\/reservar\/\">Book<\/a><\/p>\n<\/div>\n<\/div>\n<\/div>\n<\/div>\n<\/div>\n<\/div>\n<div  class=\"ppb_image_half_boxed_fixed_width one\" style=\"margin-bottom:30px;\" >\n<div class=\"standard_wrapper\">\n<div class=\"page_content_wrapper wide\">\n<div class=\"inner\" style=\"height:380px;\">\n<div class=\"one_half content_middle parallax_text\" style=\"background-image:url(https:\/\/www.plenitudmassagespa.co\/wp-content\/uploads\/2025\/12\/JUEVES-27-11.png)\"><\/div>\n<div class=\"one_half last content_middle fixed parallax_text\" style=\"padding:40px;text-align:left; \">\n<div class=\"content_middle_wrapper\">\n<div class=\"content_middle_content\">\n<h2 class=\"ppb_title\" style=\"\">SYNCHRONY THE SOUL<\/h2>\n<div class=\"ppb_header_content\">\n<p style=\"text-align: justify;\">The four-hand massage is a technique of Indian origin performed by two perfectly synchronized therapists, which amplifies the benefits of traditional massage. It combines warm oil and a gentle exfoliation with mineral salts, while harmonious and enveloping movements induce deep relaxation, release tension, and create a unique sensation of well-being, balance, and total renewal.<\/p>\n<p><a class=\"readmore\" href=\"https:\/\/www.plenitudmassagespa.co\/en\/reservar\/\">Book<\/a><\/p>\n<\/div>\n<\/div>\n<\/div>\n<\/div>\n<p><br class=\"clear\"\/><\/div>\n<\/div>\n<\/div>\n<\/div>","protected":false},"excerpt":{"rendered":"<p>Abiertos 8:00am &#8211; 8:00pm diario Reserva con nosotros ARMON\u00cdA VOLC\u00c1NICA Un tratamiento exclusivo con piedras de diversas temperaturas que relaja los m\u00fasculos, equilibra la energ\u00eda y proporciona una experiencia de calma intensa y profunda ideal para reducir el estr\u00e9s. Reservar [&hellip;]<\/p>\n","protected":false},"author":1,"featured_media":4755,"parent":0,"menu_order":0,"comment_status":"closed","ping_status":"closed","template":"","meta":{"pagelayer_contact_templates":[],"_pagelayer_content":"","footnotes":""},"class_list":["post-3130","page","type-page","status-publish","has-post-thumbnail","hentry"],"_links":{"self":[{"href":"https:\/\/www.plenitudmassagespa.co\/en\/wp-json\/wp\/v2\/pages\/3130","targetHints":{"allow":["GET"]}}],"collection":[{"href":"https:\/\/www.plenitudmassagespa.co\/en\/wp-json\/wp\/v2\/pages"}],"about":[{"href":"https:\/\/www.plenitudmassagespa.co\/en\/wp-json\/wp\/v2\/types\/page"}],"author":[{"embeddable":true,"href":"https:\/\/www.plenitudmassagespa.co\/en\/wp-json\/wp\/v2\/users\/1"}],"replies":[{"embeddable":true,"href":"https:\/\/www.plenitudmassagespa.co\/en\/wp-json\/wp\/v2\/comments?post=3130"}],"version-history":[{"count":14,"href":"https:\/\/www.plenitudmassagespa.co\/en\/wp-json\/wp\/v2\/pages\/3130\/revisions"}],"predecessor-version":[{"id":5909,"href":"https:\/\/www.plenitudmassagespa.co\/en\/wp-json\/wp\/v2\/pages\/3130\/revisions\/5909"}],"wp:featuredmedia":[{"embeddable":true,"href":"https:\/\/www.plenitudmassagespa.co\/en\/wp-json\/wp\/v2\/media\/4755"}],"wp:attachment":[{"href":"https:\/\/www.plenitudmassagespa.co\/en\/wp-json\/wp\/v2\/media?parent=3130"}],"curies":[{"name":"wp","href":"https:\/\/api.w.org\/{rel}","templated":true}]}}