{"id":3117,"date":"2017-06-06T09:48:47","date_gmt":"2017-06-06T09:48:47","guid":{"rendered":"https:\/\/themes.themegoods.com\/grandspa\/demo\/?page_id=3117"},"modified":"2025-12-17T18:34:08","modified_gmt":"2025-12-17T18:34:08","slug":"contactanos-2","status":"publish","type":"page","link":"https:\/\/www.plenitudmassagespa.co\/en\/contactanos-2\/","title":{"rendered":"CONTACT US"},"content":{"rendered":"<div  class=\"one ppb_card_two_cols_with_image\" style=\"position:relative;padding:40px 0 40px 0;\" >\n<div class=\"standard_wrapper\">\n<div class=\"page_content_wrapper wide\">\n<div class=\"inner\">\n<div class=\"one_half parallax_scroll_image\" style=\"width:65%;\">\n<div class=\"image_classic_frame expand\">\n<div class=\"image_wrapper\"><img decoding=\"async\" src=\"https:\/\/www.plenitudmassagespa.co\/wp-content\/uploads\/2025\/12\/JUEVES-27-12-scaled.png\" alt=\"\" class=\"portfolio_img\"\/><\/div>\n<\/div>\n<\/div>\n<div class=\"one_half last parallax_scroll parallax_text\" style=\"width:40%;position:absolute;padding:40px;background:#fff;\" data-stellar-ratio=\"1.3\">\n<h2 class=\"ppb_title\" style=\"\">PLENITUD SPA<\/h2>\n<div class=\"ppb_header_content\">\n<p style=\"text-align: justify;\">Plenitud Spa is a renewed concept of wellness and beauty, designed for both residents and hotels in Cartagena. We offer professional massage and relaxation services at our facilities, and we also bring the same quality directly to those who visit our magical and romantic city, whether for work or pleasure.<\/p>\n<p style=\"text-align: justify;\">Without leaving your hotel or home, we transform your free time into a unique moment of disconnection, deep well-being, and total relaxation.<\/p>\n<\/div>\n<\/div>\n<p><br class=\"clear\"\/><\/div>\n<\/div>\n<\/div>\n<\/div>\n<div class=\"standard_wrapper\">\n<div  class=\"two_third withsmallpadding ppb_header\" style=\"text-align:left;padding:35px 0 35px 0;\" >\n<div class=\"page_content_wrapper wide\">\n<div class=\"inner\">\n<div style=\"margin:auto;width:100%\">\n<h2 class=\"widgettitle\" style=\"\">Visit us<\/h2>\n<div class=\"page_tagline\" style=\"\">Discover a space created for your well-being. We are ready to welcome you and take care of you.<\/div>\n<div class=\"ppb_header_content\"><iframe src=\"https:\/\/www.google.com\/maps\/embed?pb=!1m18!1m12!1m3!1d15695.829622966627!2d-75.5628457679862!3d10.424954838889919!2m3!1f0!2f0!3f0!3m2!1i1024!2i768!4f13.1!3m3!1m2!1s0x8ef62fa034a10a5b%3A0x55b963e50420a82e!2sPlenitud%20Spa!5e0!3m2!1ses!2sco!4v1764096970816!5m2!1ses!2sco\" width=\"600\" height=\"200\" style=\"border:0;\" allowfullscreen=\"\" loading=\"lazy\" referrerpolicy=\"no-referrer-when-downgrade\"><\/iframe><\/div>\n<\/div>\n<\/div>\n<\/div>\n<\/div>\n<\/div>\n<div class=\"standard_wrapper\">\n<div  class=\"one_third last withsmallpadding ppb_header\" style=\"text-align:center;padding:65px 0 65px 0;margin-top:30px;margin-bottom:30px;\" >\n<div class=\"page_content_wrapper wide\">\n<div class=\"inner\">\n<div style=\"margin:auto;width:100%\">\n<div class=\"ppb_header_content\"><span class=\"ti-mobile\" style=\"margin-right:10px;\"><\/span>300 3700860 &#8211; 316 8675330<br \/>\n<span class=\"ti-location-pin\" style=\"margin-right:10px;\"><\/span>Centro Hist\u00f3rico, Calle Gastelbondo, #02-96, Local 9, Cartagena de Indias, Bol\u00edvar<br \/>\n<span class=\"ti-alarm-clock\" style=\"margin-right:10px;\"><\/span>Lunes &#8211; Viernes 08:00 AM &#8211; 08:00 PM<\/div>\n<\/div>\n<\/div>\n<\/div>\n<\/div>\n<\/div>\n<div class=\"standard_wrapper\">\n<div  class=\"ppb_three_cols_images one\" style=\"padding:50px 0 50px 0;\" >\n<div class=\"page_content_wrapper wide\">\n<div class=\"inner\">\n<div class=\"one_third\">\n<div class=\"image_classic_frame expand\">\n<div class=\"image_wrapper\"><a href=\"https:\/\/www.plenitudmassagespa.co\/wp-content\/uploads\/2025\/12\/42-scaled.png\" class=\"img_frame\"><img decoding=\"async\" src=\"https:\/\/www.plenitudmassagespa.co\/wp-content\/uploads\/2025\/12\/42-scaled.png\" alt=\"Plenitud spa\" class=\"portfolio_img\"\/><\/a><\/div>\n<div class=\"ppb_image_caption\">Plenitud spa<\/div>\n<\/div>\n<\/div>\n<div class=\"one_third\">\n<div class=\"image_classic_frame expand\">\n<div class=\"image_wrapper\"><a href=\"https:\/\/www.plenitudmassagespa.co\/wp-content\/uploads\/2025\/12\/JUEVES-27-14-1-scaled.png\" class=\"img_frame\"><img decoding=\"async\" src=\"https:\/\/www.plenitudmassagespa.co\/wp-content\/uploads\/2025\/12\/JUEVES-27-14-1-scaled.png\" alt=\"Plenitud spa\" class=\"portfolio_img\"\/><\/a><\/div>\n<div class=\"ppb_image_caption\">Plenitud spa<\/div>\n<\/div>\n<\/div>\n<div class=\"one_third last\">\n<div class=\"image_classic_frame\">\n<div class=\"image_wrapper\"><a href=\"https:\/\/www.plenitudmassagespa.co\/wp-content\/uploads\/2025\/12\/26-scaled.png\" class=\"img_frame\"><img decoding=\"async\" src=\"https:\/\/www.plenitudmassagespa.co\/wp-content\/uploads\/2025\/12\/26-scaled.png\" alt=\"Plenitud spa\" class=\"portfolio_img\"\/><\/a><\/div>\n<div class=\"ppb_image_caption\">Plenitud spa<\/div>\n<\/div>\n<\/div>\n<\/div>\n<\/div>\n<\/div>\n<\/div>","protected":false},"excerpt":{"rendered":"<p>PLENITUD SPA Plenitud Spa es un concepto renovado de bienestar y belleza, dise\u00f1ado tanto para residentes como para hoteles en Cartagena. Ofrecemos servicios profesionales de masajes y relajaci\u00f3n en nuestras instalaciones, y tambi\u00e9n llevamos la misma calidad directamente a quienes [&hellip;]<\/p>\n","protected":false},"author":1,"featured_media":4552,"parent":0,"menu_order":0,"comment_status":"closed","ping_status":"closed","template":"","meta":{"pagelayer_contact_templates":[],"_pagelayer_content":"","footnotes":""},"class_list":["post-3117","page","type-page","status-publish","has-post-thumbnail","hentry"],"_links":{"self":[{"href":"https:\/\/www.plenitudmassagespa.co\/en\/wp-json\/wp\/v2\/pages\/3117","targetHints":{"allow":["GET"]}}],"collection":[{"href":"https:\/\/www.plenitudmassagespa.co\/en\/wp-json\/wp\/v2\/pages"}],"about":[{"href":"https:\/\/www.plenitudmassagespa.co\/en\/wp-json\/wp\/v2\/types\/page"}],"author":[{"embeddable":true,"href":"https:\/\/www.plenitudmassagespa.co\/en\/wp-json\/wp\/v2\/users\/1"}],"replies":[{"embeddable":true,"href":"https:\/\/www.plenitudmassagespa.co\/en\/wp-json\/wp\/v2\/comments?post=3117"}],"version-history":[{"count":5,"href":"https:\/\/www.plenitudmassagespa.co\/en\/wp-json\/wp\/v2\/pages\/3117\/revisions"}],"predecessor-version":[{"id":5915,"href":"https:\/\/www.plenitudmassagespa.co\/en\/wp-json\/wp\/v2\/pages\/3117\/revisions\/5915"}],"wp:featuredmedia":[{"embeddable":true,"href":"https:\/\/www.plenitudmassagespa.co\/en\/wp-json\/wp\/v2\/media\/4552"}],"wp:attachment":[{"href":"https:\/\/www.plenitudmassagespa.co\/en\/wp-json\/wp\/v2\/media?parent=3117"}],"curies":[{"name":"wp","href":"https:\/\/api.w.org\/{rel}","templated":true}]}}