{"id":3088,"date":"2017-06-05T08:38:26","date_gmt":"2017-06-05T08:38:26","guid":{"rendered":"https:\/\/themes.themegoods.com\/grandspa\/demo\/?page_id=3088"},"modified":"2025-12-16T02:04:44","modified_gmt":"2025-12-16T02:04:44","slug":"blog","status":"publish","type":"page","link":"https:\/\/www.plenitudmassagespa.co\/en\/blog\/","title":{"rendered":"BLOG"},"content":{"rendered":"<div  class=\"one withsmallpadding ppb_text\" style=\"padding-bottom:0px !important;text-align:center;padding:60px 0 60px 0;\" >\n<div class=\"standard_wrapper\">\n<div class=\"page_content_wrapper wide\">\n<div class=\"inner\">\n<div style=\"margin:auto;width:100%\">\n<h1>Relax. Renew. Reborn.<\/h1>\n<\/div>\n<\/div>\n<\/div>\n<\/div>\n<\/div>\n<div class=\"standard_wrapper\">\n<div class=\"one withsmallpadding ppb_line_divider\"  style=\"text-align:center;padding:0px 0 0px 0;\" >\n<div class=\"page_content_wrapper wide\">\n<div class=\"inner\">\n<div class=\"line_divider_border\" style=\"width:100px;border-color:#e1e1e1;\"><\/div>\n<div class=\"line_divider_seperator\"><i class=\"fa fa-leaf\" style=\"color:#efa697;\"><\/i><\/div>\n<div class=\"line_divider_border\" style=\"width:100px;border-color:#e1e1e1;\"><\/div>\n<\/div>\n<\/div>\n<\/div>\n<\/div>\n<div class=\"divider one\">&nbsp;<\/div>\n<div class=\"standard_wrapper\">\n<div  class=\"ppb_image_boxed one_third\" style=\"\" >\n<div class=\"page_content_wrapper wide\">\n<div class=\"inner\">\n<div class=\"image_boxed_wrapper theme_radius\" style=\"text-align:center;>\u00ab><img decoding=\"async\" src=\"https:\/\/www.plenitudmassagespa.co\/wp-content\/uploads\/2025\/12\/JUEVES-27-12-scaled.png\" alt=\"Plenitud spa\"\/><\/p>\n<div class=\"image_boxed_content\" style=\"padding:30px;\">\n<h3>HOW CAN A SPA CHANGE OUR<br \/> LIFE?<\/h3>\n<p style=\"text-align: justify;\">Spas are places where people go to relax and rejuvenate their body and mind. They are often associated with beauty treatments, but they can also be an excellent option for improving health. <\/p>\n<p><a class=\"readmore\" href=\"https:\/\/www.moompaya.com\/10-beneficios-de-ir-a-un-spa\/?utm_source\">Learn more<\/a><\/p>\n<\/div>\n<\/div>\n<\/div>\n<\/div>\n<\/div>\n<\/div>\n<div class=\"standard_wrapper\">\n<div  class=\"ppb_image_boxed one_third\" style=\"\" >\n<div class=\"page_content_wrapper wide\">\n<div class=\"inner\">\n<div class=\"image_boxed_wrapper theme_radius\" style=\"text-align:center;>\u00ab><img decoding=\"async\" src=\"https:\/\/themes.themegoods.com\/grandspa\/demo\/wp-content\/uploads\/2017\/06\/f3d7c86de36c594617f239bf8e83ad47.jpg\" alt=\"\"\/><\/p>\n<div class=\"image_boxed_content\" style=\"padding:30px;\">\n<h3>WHAT IS SWEDISH MASSAGE?<\/h3>\n<p style=\"text-align: justify;\">Swedish massage is one of the most popular massage techniques in the Western world. This type of massage combines different movements with the aim of improving circulation and relaxing the muscles.<\/p>\n<p><a class=\"readmore\" href=\"https:\/\/estudiofisio.es\/blog\/fisioterapia\/que-es-masaje-sueco\/\">Learn more<\/a><\/p>\n<\/div>\n<\/div>\n<\/div>\n<\/div>\n<\/div>\n<\/div>\n<div class=\"standard_wrapper\">\n<div  class=\"ppb_image_boxed one_third last\" style=\"\" >\n<div class=\"page_content_wrapper wide\">\n<div class=\"inner\">\n<div class=\"image_boxed_wrapper theme_radius\" style=\"text-align:center;>\u00ab><img decoding=\"async\" src=\"https:\/\/www.plenitudmassagespa.co\/wp-content\/uploads\/2025\/11\/10-scaled.png\" alt=\"Plenitud spa\"\/><\/p>\n<div class=\"image_boxed_content\" style=\"padding:30px;\">\n<h3>MASSAGE AND SPA: THE ART OF WELL-BEING FROM THE ESSENTIAL<\/h3>\n<p style=\"text-align: justify;\">In an increasingly fast-paced world, massage and spa treatments are not a luxury, but a necessity. This combination of techniques offers more than just relaxation. It promotes physical and mental balance.<\/p>\n<p><a class=\"readmore\" href=\"https:\/\/renewpeel.com\/blog\/masaje-spa\/post\/1088945584738791444?\">LEARN MORE<\/a><\/p>\n<\/div>\n<\/div>\n<\/div>\n<\/div>\n<\/div>\n<\/div>\n<div class=\"divider one\">&nbsp;<\/div>\n<div  class=\"one withsmallpadding ppb_header parallax withbg\" style=\"background-image:url(https:\/\/www.plenitudmassagespa.co\/wp-content\/uploads\/2025\/12\/JUEVES-27-14-1-scaled.png);background-position: center top;text-align:center;padding:250px 0 250px 0;color:#ffffff;\" >\n<div class=\"overlay_background\" style=\"background:#000000;background:rgb(0,0,0,0.3);background:rgba(0,0,0,0.3);\"><\/div>\n<div class=\"standard_wrapper\">\n<div class=\"page_content_wrapper wide\">\n<div class=\"inner\">\n<div style=\"margin:auto;width:100%\">\n<h2 class=\"ppb_title\" style=\"color:#ffffff;\">Our Team, Your Well-being<\/h2>\n<div class=\"page_tagline\" style=\"color:#ffffff;\">Professionals dedicated to caring for you with experience, warmth, and personalized service.<\/div>\n<\/div>\n<\/div>\n<\/div>\n<\/div>\n<\/div>\n<div  class=\"one withsmallpadding parallax\" data-stellar-ratio=\"&quot;1.3&quot;\" >\n<div class=\"standard_wrapper\">\n<div class=\"page_content_wrapper wide\" style=\"text-align:center\">\n<div class=\"inner\">\n<div class=\"testimonial_slider_wrapper\">\n<div class=\"flexslider\" data-height=\"750\">\n<ul class=\"slides\">\n<li>\n<div class=\"testimonial_slider_wrapper\">\n<div class=\"testimonial_slider_content\">\u00abla mejor experiencia que pude tener super recomendado las muchachas muy amables y atenta la joven que me atendi\u00f3 tiene unas manos benditas super recomendada Laudys navarro vallan a visitar y pregunt\u00e9 por ella.\u00bb<\/div>\n<div class=\"testimonial_slider_meta\"><span class=\"testimonial_slider_name\" >Daisy Ballestas Bossio<\/span><\/div>\n<\/div>\n<\/li>\n<li>\n<div class=\"testimonial_slider_wrapper\">\n<div class=\"testimonial_slider_content\">\u00abExcelente lugar, buen ambiente, m\u00fasica relajante y la chica que me hizo el masaje ten\u00eda unas manos benditas. Es un buen spa para quien quiera relajarse y desestresarse. Muy recomendado!!\u00bb<\/div>\n<div class=\"testimonial_slider_meta\"><span class=\"testimonial_slider_name\" >Keyla Martelo<\/span><\/div>\n<\/div>\n<\/li>\n<li>\n<div class=\"testimonial_slider_wrapper\">\n<div class=\"testimonial_slider_content\">\u00abLaudis Navarro me hizo un masaje sueco espectacular! 100% recomendado.\u00bb<\/p>\n<p>&nbsp;<\/p><\/div>\n<div class=\"testimonial_slider_meta\"><span class=\"testimonial_slider_name\" >Anne K<\/span><\/div>\n<\/div>\n<\/li>\n<\/ul>\n<\/div>\n<\/div>\n<\/div>\n<\/div>\n<\/div>\n<\/div>","protected":false},"excerpt":{"rendered":"<p>Rel\u00e1jate. Renueva. Renace &nbsp; \u00ab> EN QU\u00c9 CONSISTE EL MASAJE SUECO O SWEDISH MASSAGE El masaje sueco es una de las t\u00e9cnicas de masaje m\u00e1s populares en el mundo occidental. Este tipo de masaje combina diferentes movimientos con el objetivo [&hellip;]<\/p>\n","protected":false},"author":1,"featured_media":5173,"parent":0,"menu_order":0,"comment_status":"closed","ping_status":"closed","template":"","meta":{"pagelayer_contact_templates":[],"_pagelayer_content":"","footnotes":""},"class_list":["post-3088","page","type-page","status-publish","has-post-thumbnail","hentry"],"_links":{"self":[{"href":"https:\/\/www.plenitudmassagespa.co\/en\/wp-json\/wp\/v2\/pages\/3088","targetHints":{"allow":["GET"]}}],"collection":[{"href":"https:\/\/www.plenitudmassagespa.co\/en\/wp-json\/wp\/v2\/pages"}],"about":[{"href":"https:\/\/www.plenitudmassagespa.co\/en\/wp-json\/wp\/v2\/types\/page"}],"author":[{"embeddable":true,"href":"https:\/\/www.plenitudmassagespa.co\/en\/wp-json\/wp\/v2\/users\/1"}],"replies":[{"embeddable":true,"href":"https:\/\/www.plenitudmassagespa.co\/en\/wp-json\/wp\/v2\/comments?post=3088"}],"version-history":[{"count":7,"href":"https:\/\/www.plenitudmassagespa.co\/en\/wp-json\/wp\/v2\/pages\/3088\/revisions"}],"predecessor-version":[{"id":5015,"href":"https:\/\/www.plenitudmassagespa.co\/en\/wp-json\/wp\/v2\/pages\/3088\/revisions\/5015"}],"wp:featuredmedia":[{"embeddable":true,"href":"https:\/\/www.plenitudmassagespa.co\/en\/wp-json\/wp\/v2\/media\/5173"}],"wp:attachment":[{"href":"https:\/\/www.plenitudmassagespa.co\/en\/wp-json\/wp\/v2\/media?parent=3088"}],"curies":[{"name":"wp","href":"https:\/\/api.w.org\/{rel}","templated":true}]}}